{"id":1768,"date":"2021-03-02T11:02:50","date_gmt":"2021-03-02T10:02:50","guid":{"rendered":"https:\/\/altfettrecycling.de\/%e5%b7%a5%e4%bd%9c%e9%82%80%e8%af%b7\/"},"modified":"2021-03-04T08:40:19","modified_gmt":"2021-03-04T07:40:19","slug":"%e5%b7%a5%e4%bd%9c%e9%82%80%e8%af%b7","status":"publish","type":"page","link":"https:\/\/www.altfett-lesch.de\/zh-hans\/%e5%b7%a5%e4%bd%9c%e9%82%80%e8%af%b7\/","title":{"rendered":"\u5de5\u4f5c\u9080\u8bf7"},"content":{"rendered":"\n<div class=\"wp-block-cover alignfull\" style=\"min-height:650px;aspect-ratio:unset;\"><video class=\"wp-block-cover__video-background\" autoplay muted loop playsinline src=\"https:\/\/www.altfett-lesch.de\/wp-content\/uploads\/2020\/10\/04_Firma_Stellenangebote_V03_2.mp4\" style=\"object-position:58% 50%\"><\/video><div class=\"wp-block-cover__inner-container is-layout-flow wp-block-cover-is-layout-flow\">\n<h4 class=\"wp-block-heading\">\u5de5\u4f5c\u9080\u8bf7<\/h4>\n\n\n\n<h2 class=\"wp-block-heading\">\u5728\u672a\u6765\u7684\u56de\u6536\u9886\u57df\u5de5\u4f5c<\/h2>\n<\/div><\/div>\n\n<div style=\"height:50px\" aria-hidden=\"true\" class=\"wp-block-spacer\"><\/div>\n\n<h4 class=\"wp-block-heading\">\u4e3a\u6709\u524d\u9014\u7684\u6709\u5438\u5f15\u529b\u7684\u96c7\u4e3b\u5de5\u4f5c<\/h4>\n\n<p><\/p>\n\n<div class=\"wp-block-columns is-layout-flex wp-container-core-columns-is-layout-9d6595d7 wp-block-columns-is-layout-flex\">\n<div class=\"wp-block-column is-layout-flow wp-block-column-is-layout-flow\">\n<p>\u5728\u9009\u62e9\u5458\u5de5\u65f6\uff0c\u6211\u4eec\u8bbe\u5b9a\u4e86\u9ad8\u6807\u51c6\uff0c\u4ee5\u786e\u4fdd\u5c06\u6765\u4e5f\u80fd\u786e\u4fdd\u6211\u4eec\u7684\u8d28\u91cf\u6807\u51c6\u3002 \u56e0\u6b64\uff0c\u7ee7\u7eed\u8fdb\u884c\u8fdb\u4e00\u6b65\u7684\u57f9\u8bad\uff08\u4f8b\u5982T\u00dcV\u57f9\u8bad\u548c\u9a7e\u9a76\u5458\u6307\u5bfc\uff09\u662f\u5f53\u52a1\u4e4b\u6025\u3002<\/p>\n\n\n\n<p>\u51e0\u5341\u5e74\u7684\u670d\u52a1\u5bf9\u4e8e\u6211\u4eec\u6765\u8bf4\u5e76\u4e0d\u7f55\u89c1\u3002 \u4f5c\u4e3a\u96c7\u4e3b\uff0c\u6211\u4eec\u59cb\u7ec8\u4f9d\u9760\u76f4\u63a5\u6c9f\u901a\uff0c\u5e7f\u6cdb\u7684\u4efb\u52a1\u548c\u4ee5\u4ef7\u503c\u4e3a\u5bfc\u5411\u7684\u4f01\u4e1a\u6587\u5316\u3002<\/p>\n\n\n\n<p>\u6b64\u5916\uff0c\u5728Thalm\u00e4ssing\u6240\u5728\u5730\uff0c\u6211\u4eec\u63d0\u4f9b\u73b0\u4ee3\u5316\u7684\u529e\u516c\u73af\u5883\u4ee5\u53ca\u6700\u5148\u8fdb\u7684\u536b\u751f\u6e05\u6d01\u751f\u4ea7\u5de5\u827a\u3002<\/p>\n\n\n\n<p><strong>\u7ed3\u679c\uff1a\u79ef\u6781\u7684\u5de5\u4f5c\u6c1b\u56f4\uff0c\u4ee5\u53ca\u8ba4\u540c\u516c\u53f8\u5e76\u8868\u73b0\u6700\u4f73\u7684\u5458\u5de5\u3002<\/strong><\/p>\n<\/div>\n\n\n\n<div class=\"wp-block-column is-layout-flow wp-block-column-is-layout-flow\"><section class=\"job-listing row clearfix\" aria-label=\"Job listings\"><div class=\"column medium-12 col-md-12\" role=\"list\"><article class=\"job-preview clearfix\" role=\"article\" aria-labelledby=\"job-title-8017\"><div class=\"job-content\"><h5><a href=\"https:\/\/www.altfett-lesch.de\/zh-hans\/job\/sachbearbeiter_backoffice-m-w-d\/\" id=\"job-title-8017\" target=\"_self\"><span>Kaufm\u00e4nnischer Sachbearbeiter Backoffice (m\/w\/d)<\/span><\/a><\/h5><div class=\"job-additional-information\" aria-label=\"Additional job information\"><span>Thalm\u00e4ssing<\/span><span class=\"job-preview-details-separator\">, <span><span>Full-time<\/span><\/div><\/div><div class=\"job-cta\"><a href=\"https:\/\/www.altfett-lesch.de\/zh-hans\/job\/sachbearbeiter_backoffice-m-w-d\/\" target=\"_self\" class=\"apply-btn local\" aria-label=\"View job: Kaufm\u00e4nnischer Sachbearbeiter Backoffice (m\/w\/d)\">View<\/a><\/div><\/article><article class=\"job-preview clearfix\" role=\"article\" aria-labelledby=\"job-title-7962\"><div class=\"job-content\"><h5><a href=\"https:\/\/www.altfett-lesch.de\/zh-hans\/job\/kraftfahrer-fuer-die-sammlung-altspeisefett-m-w-d-im-sueddeutschen-raum\/\" id=\"job-title-7962\" target=\"_self\"><span>Kraftfahrer f\u00fcr die Sammlung Altspeisefett (m\/w\/d) im S\u00fcddeutschen Raum<\/span><\/a><\/h5><div class=\"job-additional-information\" aria-label=\"Additional job information\"><span>Thalm\u00e4ssing<\/span><span class=\"job-preview-details-separator\">, <span><span>Full-time<\/span><\/div><\/div><div class=\"job-cta\"><a href=\"https:\/\/www.altfett-lesch.de\/zh-hans\/job\/kraftfahrer-fuer-die-sammlung-altspeisefett-m-w-d-im-sueddeutschen-raum\/\" target=\"_self\" class=\"apply-btn local\" aria-label=\"View job: Kraftfahrer f\u00fcr die Sammlung Altspeisefett (m\/w\/d) im S\u00fcddeutschen Raum\">View<\/a><\/div><\/article><article class=\"job-preview clearfix\" role=\"article\" aria-labelledby=\"job-title-7925\"><div class=\"job-content\"><h5><a href=\"https:\/\/www.altfett-lesch.de\/zh-hans\/job\/kraftfahrer_sattelzug\/\" id=\"job-title-7925\" target=\"_self\"><span>Kraftfahrer f\u00fcr Sattelzug (m\/w\/d)<\/span><\/a><\/h5><div class=\"job-additional-information\" aria-label=\"Additional job information\"><span>Thalm\u00e4ssing<\/span><span class=\"job-preview-details-separator\">, <span><span>Full-time<\/span><\/div><\/div><div class=\"job-cta\"><a href=\"https:\/\/www.altfett-lesch.de\/zh-hans\/job\/kraftfahrer_sattelzug\/\" target=\"_self\" class=\"apply-btn local\" aria-label=\"View job: Kraftfahrer f\u00fcr Sattelzug (m\/w\/d)\">View<\/a><\/div><\/article><article class=\"job-preview clearfix\" role=\"article\" aria-labelledby=\"job-title-7580\"><div class=\"job-content\"><h5><a href=\"https:\/\/www.altfett-lesch.de\/zh-hans\/job\/kraftfahrer-sammlung-bioabfaelle\/\" id=\"job-title-7580\" target=\"_self\"><span>Kraftfahrer f\u00fcr die Sammlung von Bioabf\u00e4llen im Gro\u00dfraum N\u00fcrnberg (m\/w\/d)<\/span><\/a><\/h5><div class=\"job-additional-information\" aria-label=\"Additional job information\"><span>Thalm\u00e4ssing<\/span><\/div><\/div><div class=\"job-cta\"><a href=\"https:\/\/www.altfett-lesch.de\/zh-hans\/job\/kraftfahrer-sammlung-bioabfaelle\/\" target=\"_self\" class=\"apply-btn local\" aria-label=\"View job: Kraftfahrer f\u00fcr die Sammlung von Bioabf\u00e4llen im Gro\u00dfraum N\u00fcrnberg (m\/w\/d)\">View<\/a><\/div><\/article><\/div><\/section>\n<\/div>\n<\/div>\n\n<div style=\"height:100px\" aria-hidden=\"true\" class=\"wp-block-spacer\"><\/div>\n\n<div class=\"wp-block-group alignfull zertifizierungen\"><div class=\"wp-block-group__inner-container is-layout-flow wp-block-group-is-layout-flow\">\n<div class=\"wp-block-columns is-layout-flex wp-container-core-columns-is-layout-9d6595d7 wp-block-columns-is-layout-flex\">\n<div class=\"wp-block-column is-layout-flow wp-block-column-is-layout-flow\">\n<p>Zertifizierungen:<\/p>\n\n\n\n<div class=\"wp-block-columns is-layout-flex wp-container-core-columns-is-layout-9d6595d7 wp-block-columns-is-layout-flex\">\n<div class=\"wp-block-column is-layout-flow wp-block-column-is-layout-flow\">\n<div style=\"height:20px\" aria-hidden=\"true\" class=\"wp-block-spacer\"><\/div>\n\n\n\n<figure class=\"wp-block-image size-full\"><img loading=\"lazy\" decoding=\"async\" width=\"251\" height=\"46\" src=\"https:\/\/www.altfett-lesch.de\/wp-content\/uploads\/2020\/10\/logo_address.png\" alt=\"\" class=\"wp-image-628\"\/><figcaption><strong>Entsorgungsfachbetrieb<br><\/strong>Anerkannt f\u00fcr: Einsammeln, Bef\u00f6rdern, Lagern, Behandeln, Verwerten<br>ZKRW 00040\/98E<\/figcaption><\/figure>\n<\/div>\n\n\n\n<div class=\"wp-block-column is-layout-flow wp-block-column-is-layout-flow\">\n<div class=\"wp-block-image\"><figure class=\"alignleft size-large\"><img loading=\"lazy\" decoding=\"async\" width=\"350\" height=\"210\" src=\"https:\/\/www.altfett-lesch.de\/wp-content\/uploads\/2020\/10\/redcert-logo.jpg\" alt=\"\" class=\"wp-image-676\" srcset=\"https:\/\/www.altfett-lesch.de\/wp-content\/uploads\/2020\/10\/redcert-logo.jpg 350w, https:\/\/www.altfett-lesch.de\/wp-content\/uploads\/2020\/10\/redcert-logo-300x180.jpg 300w\" sizes=\"auto, (max-width: 350px) 100vw, 350px\" \/><\/figure><\/div>\n<\/div>\n<\/div>\n<\/div>\n\n\n\n<div class=\"wp-block-column is-layout-flow wp-block-column-is-layout-flow\">\n<p>Mitgliedschaften:<\/p>\n\n\n\n<div class=\"wp-block-columns is-layout-flex wp-container-core-columns-is-layout-9d6595d7 wp-block-columns-is-layout-flex\">\n<div class=\"wp-block-column is-layout-flow wp-block-column-is-layout-flow\">\n<figure class=\"wp-block-image size-large is-resized\"><a href=\"https:\/\/www.mvak.eu\"><img decoding=\"async\" src=\"https:\/\/www.altfett-lesch.de\/wp-content\/uploads\/2020\/10\/MVaK-Logo_CMYK_20200909-1-3.svg\" alt=\"\" class=\"wp-image-635\" width=\"200\"\/><\/a><\/figure>\n\n\n\n<div class=\"wp-block-image\"><figure class=\"alignleft size-large\"><a href=\"https:\/\/www.vbs-ev.bayern\/home\"><img loading=\"lazy\" decoding=\"async\" width=\"205\" height=\"140\" src=\"https:\/\/www.altfett-lesch.de\/wp-content\/uploads\/2020\/10\/vbs_logo-1.png\" alt=\"\" class=\"wp-image-722\"\/><\/a><\/figure><\/div>\n<\/div>\n\n\n\n<div class=\"wp-block-column is-layout-flow wp-block-column-is-layout-flow\">\n<figure class=\"wp-block-image size-large\"><a href=\"https:\/\/www.altfett-lesch.de\/wp-content\/uploads\/2021\/04\/Urkunde-Umweltpakt-Bayern.pdf\" target=\"_blank\" rel=\"noopener\"><img loading=\"lazy\" decoding=\"async\" width=\"163\" height=\"175\" src=\"https:\/\/www.altfett-lesch.de\/wp-content\/uploads\/2020\/10\/umweltpakt_logo-1.png\" alt=\"\" class=\"wp-image-720\"\/><\/a><\/figure>\n<\/div>\n<\/div>\n<\/div>\n<\/div>\n<\/div><\/div>\n","protected":false},"excerpt":{"rendered":"<p>\u4e3a\u6709\u524d\u9014\u7684\u6709\u5438\u5f15\u529b\u7684\u96c7\u4e3b\u5de5\u4f5c \u5728\u9009\u62e9\u5458\u5de5\u65f6\uff0c\u6211\u4eec\u8bbe\u5b9a\u4e86\u9ad8\u6807\u51c6\uff0c\u4ee5\u786e\u4fdd\u5c06\u6765\u4e5f\u80fd\u786e\u4fdd\u6211\u4eec\u7684\u8d28\u91cf\u6807\u51c6\u3002 \u56e0\u6b64\uff0c\u7ee7\u7eed\u8fdb &hellip;<\/p>\n","protected":false},"author":1,"featured_media":0,"parent":0,"menu_order":0,"comment_status":"closed","ping_status":"closed","template":"","meta":{"inline_featured_image":false,"advgb_blocks_editor_width":"","advgb_blocks_columns_visual_guide":"","footnotes":""},"class_list":["post-1768","page","type-page","status-publish","hentry","post","with-featured-image"],"featured_image_src":null,"featured_image_src_square":null,"coauthors":[],"author_meta":{"author_link":"https:\/\/www.altfett-lesch.de\/zh-hans\/author\/altfettleschadmin\/","display_name":"Altfett Lesch"},"relative_dates":{"created":"\u5df2\u53d1\u5e03 5 \u5e74 \u4e4b\u524d","modified":"\u5df2\u66f4\u65b0 5 \u5e74 \u4e4b\u524d"},"absolute_dates":{"created":"\u53d1\u8868\u4e8e 2021\u5e743\u67082\u65e5","modified":"\u66f4\u65b0\u4e8e 2021\u5e743\u67084\u65e5"},"absolute_dates_time":{"created":"\u53d1\u8868\u4e8e 2021\u5e743\u67082\u65e5 \u4e0a\u534811:02","modified":"\u66f4\u65b0\u4e8e 2021\u5e743\u67084\u65e5 \u4e0a\u53488:40"},"featured_img_caption":"","featured_img":false,"series_order":"","_links":{"self":[{"href":"https:\/\/www.altfett-lesch.de\/zh-hans\/wp-json\/wp\/v2\/pages\/1768","targetHints":{"allow":["GET"]}}],"collection":[{"href":"https:\/\/www.altfett-lesch.de\/zh-hans\/wp-json\/wp\/v2\/pages"}],"about":[{"href":"https:\/\/www.altfett-lesch.de\/zh-hans\/wp-json\/wp\/v2\/types\/page"}],"author":[{"embeddable":true,"href":"https:\/\/www.altfett-lesch.de\/zh-hans\/wp-json\/wp\/v2\/users\/1"}],"replies":[{"embeddable":true,"href":"https:\/\/www.altfett-lesch.de\/zh-hans\/wp-json\/wp\/v2\/comments?post=1768"}],"version-history":[{"count":3,"href":"https:\/\/www.altfett-lesch.de\/zh-hans\/wp-json\/wp\/v2\/pages\/1768\/revisions"}],"predecessor-version":[{"id":1825,"href":"https:\/\/www.altfett-lesch.de\/zh-hans\/wp-json\/wp\/v2\/pages\/1768\/revisions\/1825"}],"wp:attachment":[{"href":"https:\/\/www.altfett-lesch.de\/zh-hans\/wp-json\/wp\/v2\/media?parent=1768"}],"curies":[{"name":"wp","href":"https:\/\/api.w.org\/{rel}","templated":true}]}}