{"id":1664,"date":"2021-03-02T10:25:41","date_gmt":"2021-03-02T09:25:41","guid":{"rendered":"https:\/\/altfettrecycling.de\/%e6%8e%a5%e8%a7%a6\/"},"modified":"2025-10-27T13:48:22","modified_gmt":"2025-10-27T12:48:22","slug":"%e6%8e%a5%e8%a7%a6","status":"publish","type":"page","link":"https:\/\/www.altfett-lesch.de\/zh-hans\/%e6%8e%a5%e8%a7%a6\/","title":{"rendered":"\u63a5\u89e6"},"content":{"rendered":"\n<div class=\"wp-block-cover alignfull is-light advgb-dyn-ae70791a\" style=\"min-height:537px;aspect-ratio:unset;\"><img loading=\"lazy\" decoding=\"async\" width=\"2560\" height=\"1752\" class=\"wp-block-cover__image-background wp-image-4817\" alt=\"\" src=\"https:\/\/www.altfett-lesch.de\/wp-content\/uploads\/2023\/10\/Gruppenbild-Altfett-Lesch-Mitarbeiter-1023_erweitert.jpg\" style=\"object-position:50% 50%\" data-object-fit=\"cover\" data-object-position=\"50% 50%\" srcset=\"https:\/\/www.altfett-lesch.de\/wp-content\/uploads\/2023\/10\/Gruppenbild-Altfett-Lesch-Mitarbeiter-1023_erweitert.jpg 2560w, https:\/\/www.altfett-lesch.de\/wp-content\/uploads\/2023\/10\/Gruppenbild-Altfett-Lesch-Mitarbeiter-1023_erweitert-300x205.jpg 300w, https:\/\/www.altfett-lesch.de\/wp-content\/uploads\/2023\/10\/Gruppenbild-Altfett-Lesch-Mitarbeiter-1023_erweitert-1024x701.jpg 1024w, https:\/\/www.altfett-lesch.de\/wp-content\/uploads\/2023\/10\/Gruppenbild-Altfett-Lesch-Mitarbeiter-1023_erweitert-768x526.jpg 768w, https:\/\/www.altfett-lesch.de\/wp-content\/uploads\/2023\/10\/Gruppenbild-Altfett-Lesch-Mitarbeiter-1023_erweitert-1536x1051.jpg 1536w, https:\/\/www.altfett-lesch.de\/wp-content\/uploads\/2023\/10\/Gruppenbild-Altfett-Lesch-Mitarbeiter-1023_erweitert-2048x1402.jpg 2048w, https:\/\/www.altfett-lesch.de\/wp-content\/uploads\/2023\/10\/Gruppenbild-Altfett-Lesch-Mitarbeiter-1023_erweitert-1200x821.jpg 1200w, https:\/\/www.altfett-lesch.de\/wp-content\/uploads\/2023\/10\/Gruppenbild-Altfett-Lesch-Mitarbeiter-1023_erweitert-1400x958.jpg 1400w\" sizes=\"auto, (max-width: 2560px) 100vw, 2560px\" \/><span aria-hidden=\"true\" class=\"wp-block-cover__background has-background-dim-0 has-background-dim\"><\/span><div class=\"wp-block-cover__inner-container is-layout-flow wp-block-cover-is-layout-flow\">\n<p class=\"has-text-align-center has-large-font-size\"><\/p>\n<\/div><\/div>\n\n\n\n<div style=\"height:40px\" aria-hidden=\"true\" class=\"wp-block-spacer\"><\/div>\n\n\n\n<h2 class=\"wp-block-heading\">\u63a5\u89e6<\/h2>\n\n\n\n<div class=\"wp-block-columns has-2-columns is-layout-flex wp-container-core-columns-is-layout-9d6595d7 wp-block-columns-is-layout-flex\">\n<div class=\"wp-block-column is-layout-flow wp-block-column-is-layout-flow\">\n<p class=\"notranslate\"><strong>Altfettentsorgung Lesch GmbH &amp; Co. KG<\/strong><br>\u00c4u\u00dfere N\u00fcrnberger Str. 1<br>91177 Thalm\u00e4ssing<br><strong>\u5fb7\u56fd<\/strong><\/p>\n\n\n\n<p>\u7535\u8bdd\uff1a09173-874 <br>\u4f20\u771f\uff1a09173-599<\/p>\n\n\n\n<p>\u7535\u5b50\u90ae\u4ef6\uff1a<a href=\"mailto:info@altfett-lesch.de\"> info@altfett-lesch.de <\/a><\/p>\n<\/div>\n\n\n\n<div class=\"wp-block-column is-layout-flow wp-block-column-is-layout-flow\"><\/div>\n<\/div>\n\n\n\n<div style=\"height:40px\" aria-hidden=\"true\" class=\"wp-block-spacer\"><\/div>\n\n\n\n<div class=\"wp-block-columns is-layout-flex wp-container-core-columns-is-layout-9d6595d7 wp-block-columns-is-layout-flex\">\n<div class=\"wp-block-column is-layout-flow wp-block-column-is-layout-flow\">\n<h2 class=\"wp-block-heading\">\u7ba1\u7406<\/h2>\n\n\n\n<p class=\"notranslate\"><strong>Heiko Lesch <br> <\/strong>\u8463\u4e8b\u603b\u7ecf\u7406<\/p>\n\n\n\n<p>\u7535\u8bdd\uff1a09173-874 <br>\u7535\u5b50\u90ae\u4ef6\uff1a<a href=\"mailto:info@altfett-lesch.de\">info@altfett-lesch.de<\/a><\/p>\n<\/div>\n\n\n\n<div class=\"wp-block-column is-layout-flow wp-block-column-is-layout-flow\">\n<p><\/p>\n<\/div>\n\n\n\n<div class=\"wp-block-column is-layout-flow wp-block-column-is-layout-flow\">\n<figure class=\"wp-block-image size-large\"><img loading=\"lazy\" decoding=\"async\" width=\"1024\" height=\"683\" src=\"https:\/\/www.altfett-lesch.de\/wp-content\/uploads\/2020\/10\/heiko_lesch_altfett_lesch-1024x683.jpg\" alt=\"Heiko Lesch-\u5e9f\u8102\u80aa\u56de\u6536Lesch\u7684\u8463\u4e8b\u603b\u7ecf\u7406\" class=\"wp-image-822\" srcset=\"https:\/\/www.altfett-lesch.de\/wp-content\/uploads\/2020\/10\/heiko_lesch_altfett_lesch-1024x683.jpg 1024w, https:\/\/www.altfett-lesch.de\/wp-content\/uploads\/2020\/10\/heiko_lesch_altfett_lesch-300x200.jpg 300w, https:\/\/www.altfett-lesch.de\/wp-content\/uploads\/2020\/10\/heiko_lesch_altfett_lesch-768x512.jpg 768w, https:\/\/www.altfett-lesch.de\/wp-content\/uploads\/2020\/10\/heiko_lesch_altfett_lesch-600x400.jpg 600w, https:\/\/www.altfett-lesch.de\/wp-content\/uploads\/2020\/10\/heiko_lesch_altfett_lesch.jpg 1063w\" sizes=\"auto, (max-width: 1024px) 100vw, 1024px\" \/><figcaption class=\"wp-element-caption\">Heiko Lesch-\u5e9f\u8102\u80aa\u56de\u6536Lesch\u7684\u8463\u4e8b\u603b\u7ecf\u7406<\/figcaption><\/figure>\n<\/div>\n<\/div>\n\n\n\n<div class=\"wp-block-columns is-layout-flex wp-container-core-columns-is-layout-9d6595d7 wp-block-columns-is-layout-flex\">\n<div class=\"wp-block-column is-layout-flow wp-block-column-is-layout-flow\" style=\"flex-basis:66.66%\"><\/div>\n\n\n\n<div class=\"wp-block-column is-layout-flow wp-block-column-is-layout-flow\" style=\"flex-basis:33.33%\"><\/div>\n<\/div>\n\n\n\n<div style=\"height:40px\" aria-hidden=\"true\" class=\"wp-block-spacer\"><\/div>\n\n\n\n<h2 class=\"wp-block-heading\">\u60a8\u7684\u9500\u552e\u8054\u7edc\u4eba<\/h2>\n\n\n\n<div class=\"wp-block-columns notranslate is-layout-flex wp-container-core-columns-is-layout-9d6595d7 wp-block-columns-is-layout-flex\">\n<div class=\"wp-block-column is-layout-flow wp-block-column-is-layout-flow\">\n<figure class=\"wp-block-image size-large\"><img loading=\"lazy\" decoding=\"async\" width=\"1024\" height=\"683\" src=\"https:\/\/www.altfett-lesch.de\/wp-content\/uploads\/2022\/04\/Lesch_Mitarbeiter_Guenter_Klein-1024x683.jpg\" alt=\"\" class=\"wp-image-2925\" srcset=\"https:\/\/www.altfett-lesch.de\/wp-content\/uploads\/2022\/04\/Lesch_Mitarbeiter_Guenter_Klein-1024x683.jpg 1024w, https:\/\/www.altfett-lesch.de\/wp-content\/uploads\/2022\/04\/Lesch_Mitarbeiter_Guenter_Klein-300x200.jpg 300w, https:\/\/www.altfett-lesch.de\/wp-content\/uploads\/2022\/04\/Lesch_Mitarbeiter_Guenter_Klein-768x512.jpg 768w, https:\/\/www.altfett-lesch.de\/wp-content\/uploads\/2022\/04\/Lesch_Mitarbeiter_Guenter_Klein-600x400.jpg 600w, https:\/\/www.altfett-lesch.de\/wp-content\/uploads\/2022\/04\/Lesch_Mitarbeiter_Guenter_Klein.jpg 1063w\" sizes=\"auto, (max-width: 1024px) 100vw, 1024px\" \/><figcaption class=\"wp-element-caption\"><strong>G\u00fcnter Klein <br> <\/strong> +49 151 16170073 <br> <a href=\"mailto:guenter.klein@altfett-lesch.de\"> guenter.klein@altfett-lesch.de <\/a><\/figcaption><\/figure>\n<\/div>\n\n\n\n<div class=\"wp-block-column is-layout-flow wp-block-column-is-layout-flow\">\n<figure class=\"wp-block-image size-large\"><img loading=\"lazy\" decoding=\"async\" width=\"1024\" height=\"683\" src=\"https:\/\/www.altfett-lesch.de\/wp-content\/uploads\/2021\/06\/christian_ellwardt-1024x683.jpg\" alt=\"\" class=\"wp-image-2290\" srcset=\"https:\/\/www.altfett-lesch.de\/wp-content\/uploads\/2021\/06\/christian_ellwardt-1024x683.jpg 1024w, https:\/\/www.altfett-lesch.de\/wp-content\/uploads\/2021\/06\/christian_ellwardt-300x200.jpg 300w, https:\/\/www.altfett-lesch.de\/wp-content\/uploads\/2021\/06\/christian_ellwardt-768x512.jpg 768w, https:\/\/www.altfett-lesch.de\/wp-content\/uploads\/2021\/06\/christian_ellwardt-600x400.jpg 600w, https:\/\/www.altfett-lesch.de\/wp-content\/uploads\/2021\/06\/christian_ellwardt.jpg 1063w\" sizes=\"auto, (max-width: 1024px) 100vw, 1024px\" \/><figcaption class=\"wp-element-caption\"><strong>Christian Ellwardt<br><\/strong>+49 151 65057703<br><a href=\"mailto:christian.ellwardt@altfett-lesch.de\">christian.ellwardt@altfett-lesch.de<\/a><\/figcaption><\/figure>\n<\/div>\n\n\n\n<div class=\"wp-block-column is-layout-flow wp-block-column-is-layout-flow\">\n<figure class=\"wp-block-image size-large\"><img loading=\"lazy\" decoding=\"async\" width=\"1024\" height=\"683\" src=\"https:\/\/www.altfett-lesch.de\/wp-content\/uploads\/2020\/12\/lesch_mitarbeiter_vad_11-1024x683.jpg\" alt=\"\" class=\"wp-image-1096\" srcset=\"https:\/\/www.altfett-lesch.de\/wp-content\/uploads\/2020\/12\/lesch_mitarbeiter_vad_11-1024x683.jpg 1024w, https:\/\/www.altfett-lesch.de\/wp-content\/uploads\/2020\/12\/lesch_mitarbeiter_vad_11-300x200.jpg 300w, https:\/\/www.altfett-lesch.de\/wp-content\/uploads\/2020\/12\/lesch_mitarbeiter_vad_11-768x512.jpg 768w, https:\/\/www.altfett-lesch.de\/wp-content\/uploads\/2020\/12\/lesch_mitarbeiter_vad_11-600x400.jpg 600w, https:\/\/www.altfett-lesch.de\/wp-content\/uploads\/2020\/12\/lesch_mitarbeiter_vad_11.jpg 1063w\" sizes=\"auto, (max-width: 1024px) 100vw, 1024px\" \/><figcaption class=\"wp-element-caption\"><strong>Nick Seitz<br><\/strong> +49 151 18066782 <br> <a href=\"mailto:nick.seitz@altfett-lesch.de\"> nick.seitz@altfett-lesch.de <\/a><\/figcaption><\/figure>\n\n\n\n<div class=\"wp-block-group\"><div class=\"wp-block-group__inner-container is-layout-flow wp-block-group-is-layout-flow\"><\/div><\/div>\n<\/div>\n<\/div>\n\n\n\n<div class=\"wp-block-columns notranslate is-layout-flex wp-container-core-columns-is-layout-9d6595d7 wp-block-columns-is-layout-flex\">\n<div class=\"wp-block-column is-layout-flow wp-block-column-is-layout-flow\">\n<figure class=\"wp-block-image size-large\"><img loading=\"lazy\" decoding=\"async\" width=\"1024\" height=\"683\" src=\"https:\/\/www.altfett-lesch.de\/wp-content\/uploads\/2020\/12\/lesch_mitarbeiter_vad_7-1024x683.jpg\" alt=\"\" class=\"wp-image-1090\" srcset=\"https:\/\/www.altfett-lesch.de\/wp-content\/uploads\/2020\/12\/lesch_mitarbeiter_vad_7-1024x683.jpg 1024w, https:\/\/www.altfett-lesch.de\/wp-content\/uploads\/2020\/12\/lesch_mitarbeiter_vad_7-300x200.jpg 300w, https:\/\/www.altfett-lesch.de\/wp-content\/uploads\/2020\/12\/lesch_mitarbeiter_vad_7-768x512.jpg 768w, https:\/\/www.altfett-lesch.de\/wp-content\/uploads\/2020\/12\/lesch_mitarbeiter_vad_7-600x400.jpg 600w, https:\/\/www.altfett-lesch.de\/wp-content\/uploads\/2020\/12\/lesch_mitarbeiter_vad_7.jpg 1063w\" sizes=\"auto, (max-width: 1024px) 100vw, 1024px\" \/><figcaption class=\"wp-element-caption\"><strong>Marko Fischer<br><\/strong>+49 151 20313666<br><a href=\"mailto:marko.fischer@altfett-lesch.de\">marko.fischer@altfett-lesch.de<\/a><\/figcaption><\/figure>\n<\/div>\n\n\n\n<div class=\"wp-block-column is-layout-flow wp-block-column-is-layout-flow\">\n<figure class=\"wp-block-image size-large\"><img loading=\"lazy\" decoding=\"async\" width=\"1024\" height=\"683\" src=\"https:\/\/www.altfett-lesch.de\/wp-content\/uploads\/2023\/01\/Lesch_Mitarbeiter_Daniel_Roecker-1024x683.jpg\" alt=\"\" class=\"wp-image-4135\" srcset=\"https:\/\/www.altfett-lesch.de\/wp-content\/uploads\/2023\/01\/Lesch_Mitarbeiter_Daniel_Roecker-1024x683.jpg 1024w, https:\/\/www.altfett-lesch.de\/wp-content\/uploads\/2023\/01\/Lesch_Mitarbeiter_Daniel_Roecker-300x200.jpg 300w, https:\/\/www.altfett-lesch.de\/wp-content\/uploads\/2023\/01\/Lesch_Mitarbeiter_Daniel_Roecker-768x512.jpg 768w, https:\/\/www.altfett-lesch.de\/wp-content\/uploads\/2023\/01\/Lesch_Mitarbeiter_Daniel_Roecker-600x400.jpg 600w, https:\/\/www.altfett-lesch.de\/wp-content\/uploads\/2023\/01\/Lesch_Mitarbeiter_Daniel_Roecker.jpg 1063w\" sizes=\"auto, (max-width: 1024px) 100vw, 1024px\" \/><figcaption class=\"wp-element-caption\"><strong>Daniel R\u00f6cker<br><\/strong>+49 151 20313662<br><a href=\"mailto:daniel.roecker@altfett-lesch.de\">daniel.roecker@altfett-lesch.de<\/a><\/figcaption><\/figure>\n<\/div>\n\n\n\n<div class=\"wp-block-column is-layout-flow wp-block-column-is-layout-flow\">\n<figure class=\"wp-block-image size-full\"><img loading=\"lazy\" decoding=\"async\" width=\"1024\" height=\"683\" src=\"https:\/\/www.altfett-lesch.de\/wp-content\/uploads\/2025\/10\/Lesch_KasimCeviz.jpg\" alt=\"\" class=\"wp-image-7639\" srcset=\"https:\/\/www.altfett-lesch.de\/wp-content\/uploads\/2025\/10\/Lesch_KasimCeviz.jpg 1024w, https:\/\/www.altfett-lesch.de\/wp-content\/uploads\/2025\/10\/Lesch_KasimCeviz-300x200.jpg 300w, https:\/\/www.altfett-lesch.de\/wp-content\/uploads\/2025\/10\/Lesch_KasimCeviz-768x512.jpg 768w, https:\/\/www.altfett-lesch.de\/wp-content\/uploads\/2025\/10\/Lesch_KasimCeviz-600x400.jpg 600w\" sizes=\"auto, (max-width: 1024px) 100vw, 1024px\" \/><figcaption class=\"wp-element-caption\"><strong><strong>Kasim Ceviz<\/strong><br><\/strong>+49 151 61098859<br><a href=\"mailto:kasim.ceviz@altfett-lesch.de\">kasim.ceviz@altfett-lesch.de<\/a><\/figcaption><\/figure>\n<\/div>\n<\/div>\n\n\n\n<div class=\"wp-block-columns is-layout-flex wp-container-core-columns-is-layout-9d6595d7 wp-block-columns-is-layout-flex\">\n<div class=\"wp-block-column is-layout-flow wp-block-column-is-layout-flow\">\n<figure class=\"wp-block-image size-large\"><img loading=\"lazy\" decoding=\"async\" width=\"1024\" height=\"683\" src=\"https:\/\/www.altfett-lesch.de\/wp-content\/uploads\/2020\/12\/lesch_mitarbeiter_vad_10-1024x683.jpg\" alt=\"\" class=\"wp-image-1095\" srcset=\"https:\/\/www.altfett-lesch.de\/wp-content\/uploads\/2020\/12\/lesch_mitarbeiter_vad_10-1024x683.jpg 1024w, https:\/\/www.altfett-lesch.de\/wp-content\/uploads\/2020\/12\/lesch_mitarbeiter_vad_10-300x200.jpg 300w, https:\/\/www.altfett-lesch.de\/wp-content\/uploads\/2020\/12\/lesch_mitarbeiter_vad_10-768x512.jpg 768w, https:\/\/www.altfett-lesch.de\/wp-content\/uploads\/2020\/12\/lesch_mitarbeiter_vad_10-600x400.jpg 600w, https:\/\/www.altfett-lesch.de\/wp-content\/uploads\/2020\/12\/lesch_mitarbeiter_vad_10.jpg 1063w\" sizes=\"auto, (max-width: 1024px) 100vw, 1024px\" \/><figcaption class=\"wp-element-caption\"><strong>Werner Schmid<\/strong> <br> +49 151 18066811 <br> <a href=\"mailto:werner.schmidt@altfett-lesch.de\"> werner.schmidt@altfett-lesch.de <\/a><\/figcaption><\/figure>\n<\/div>\n\n\n\n<div class=\"wp-block-column is-layout-flow wp-block-column-is-layout-flow\">\n<figure class=\"wp-block-image size-full\"><img loading=\"lazy\" decoding=\"async\" width=\"1024\" height=\"683\" src=\"https:\/\/www.altfett-lesch.de\/wp-content\/uploads\/2025\/10\/Lesch_PeterWutte.jpg\" alt=\"\" class=\"wp-image-7643\" srcset=\"https:\/\/www.altfett-lesch.de\/wp-content\/uploads\/2025\/10\/Lesch_PeterWutte.jpg 1024w, https:\/\/www.altfett-lesch.de\/wp-content\/uploads\/2025\/10\/Lesch_PeterWutte-300x200.jpg 300w, https:\/\/www.altfett-lesch.de\/wp-content\/uploads\/2025\/10\/Lesch_PeterWutte-768x512.jpg 768w, https:\/\/www.altfett-lesch.de\/wp-content\/uploads\/2025\/10\/Lesch_PeterWutte-600x400.jpg 600w\" sizes=\"auto, (max-width: 1024px) 100vw, 1024px\" \/><figcaption class=\"wp-element-caption\"><strong><strong>Peter Wutte<\/strong><br><\/strong>+49 160 98070457<br><a href=\"mailto:peter.wutte@altfett-lesch.de\">peter.wutte@altfett-lesch.de<\/a><\/figcaption><\/figure>\n<\/div>\n\n\n\n<div class=\"wp-block-column is-layout-flow wp-block-column-is-layout-flow\"><\/div>\n<\/div>\n\n\n\n<div style=\"height:40px\" aria-hidden=\"true\" class=\"wp-block-spacer\"><\/div>\n\n\n\n<h2 class=\"wp-block-heading\">\u901a\u8fc7\u90ae\u653f\u7f16\u7801\u67e5\u627e\u60a8\u7684\u8054\u7cfb\u4eba<\/h2>\n\n\n<div class=\"plzsuche\"><form action=\"https:\/\/www.altfett-lesch.de\/ansprechpartner\/\" method=\"get\"><input type=\"text\" id=\"plz\" name=\"plz\" placeholder=\"Postleitzahl\"><input type=\"submit\" value=\"Senden\"><\/form><\/div><p class=\"error\" style=\"display: none;\">Bitte geben Sie eine g\u00fcltige Postleitzahl zur Suche an<\/p>\n\n\n<div style=\"height:40px\" aria-hidden=\"true\" class=\"wp-block-spacer\"><\/div>\n\n\n\n<h2 class=\"wp-block-heading\">\u8054\u7cfb\u8868<\/h2>\n\n\n\n<div class=\"wpcf7 no-js\" id=\"wpcf7-f145-o1\" lang=\"de-DE\" dir=\"ltr\" data-wpcf7-id=\"145\">\n<div class=\"screen-reader-response\"><p role=\"status\" aria-live=\"polite\" aria-atomic=\"true\"><\/p> <ul><\/ul><\/div>\n<form action=\"\/zh-hans\/wp-json\/wp\/v2\/pages\/1664#wpcf7-f145-o1\" method=\"post\" class=\"wpcf7-form init\" aria-label=\"Kontaktformular\" novalidate=\"novalidate\" data-status=\"init\">\n<fieldset class=\"hidden-fields-container\"><input type=\"hidden\" name=\"_wpcf7\" value=\"145\" \/><input type=\"hidden\" name=\"_wpcf7_version\" value=\"6.1.5\" \/><input type=\"hidden\" name=\"_wpcf7_locale\" value=\"de_DE\" \/><input type=\"hidden\" name=\"_wpcf7_unit_tag\" value=\"wpcf7-f145-o1\" \/><input type=\"hidden\" name=\"_wpcf7_container_post\" value=\"0\" \/><input type=\"hidden\" name=\"_wpcf7_posted_data_hash\" value=\"\" \/><input type=\"hidden\" name=\"_wpcf7cf_hidden_group_fields\" value=\"[]\" \/><input type=\"hidden\" name=\"_wpcf7cf_hidden_groups\" value=\"[]\" \/><input type=\"hidden\" name=\"_wpcf7cf_visible_groups\" value=\"[]\" \/><input type=\"hidden\" name=\"_wpcf7cf_repeaters\" value=\"[]\" \/><input type=\"hidden\" name=\"_wpcf7cf_steps\" value=\"{}\" \/><input type=\"hidden\" name=\"_wpcf7cf_options\" value=\"{&quot;form_id&quot;:145,&quot;conditions&quot;:[],&quot;settings&quot;:{&quot;animation&quot;:&quot;no&quot;,&quot;animation_intime&quot;:&quot;200&quot;,&quot;animation_outtime&quot;:&quot;200&quot;,&quot;conditions_ui&quot;:&quot;normal&quot;,&quot;notice_dismissed&quot;:&quot;&quot;,&quot;repeater_remove_button&quot;:&quot;bottom&quot;,&quot;notice_dismissed_rollback-cf7-5.4.2&quot;:true,&quot;notice_dismissed_rollback-cf7-5.8.2&quot;:true,&quot;notice_dismissed_rollback-cf7-5.9.5&quot;:true}}\" \/>\n<\/fieldset>\n<p><label> Name (Pflichtfeld)<br \/>\n<span class=\"wpcf7-form-control-wrap\" data-name=\"your-name\"><input size=\"40\" maxlength=\"400\" class=\"wpcf7-form-control wpcf7-text wpcf7-validates-as-required\" aria-required=\"true\" aria-invalid=\"false\" value=\"\" type=\"text\" name=\"your-name\" \/><\/span> <\/label>\n<\/p>\n<p><label>E-Mail-Adresse (Pflichtfeld)<br \/>\n<span class=\"wpcf7-form-control-wrap\" data-name=\"your-email\"><input size=\"40\" maxlength=\"400\" class=\"wpcf7-form-control wpcf7-email wpcf7-validates-as-required wpcf7-text wpcf7-validates-as-email\" aria-required=\"true\" aria-invalid=\"false\" value=\"\" type=\"email\" name=\"your-email\" \/><\/span> <\/label><br \/>\n<span id=\"wpcf7-69fc47b1082cb-wrapper\" class=\"wpcf7-form-control-wrap website-wrap\" style=\"display:none !important; visibility:hidden !important;\"><input type=\"hidden\" name=\"website-time-start\" value=\"1778141105\"><input type=\"hidden\" name=\"website-time-check\" value=\"6\"><label for=\"wpcf7-69fc47b1082cb-field\" class=\"hp-message\">Bitte lasse dieses Feld leer.<\/label><input id=\"wpcf7-69fc47b1082cb-field\"  placeholder=\"url\"  class=\"wpcf7-form-control wpcf7-text\" type=\"text\" name=\"website\" value=\"\" size=\"40\" tabindex=\"-1\" autocomplete=\"new-password\" \/><\/span>\n<\/p>\n<p><label>Betreff<br \/>\n<span class=\"wpcf7-form-control-wrap\" data-name=\"your-subject\"><input size=\"40\" maxlength=\"400\" class=\"wpcf7-form-control wpcf7-text\" aria-invalid=\"false\" value=\"\" type=\"text\" name=\"your-subject\" \/><\/span> <\/label>\n<\/p>\n<p><label>Nachricht<br \/>\n<span class=\"wpcf7-form-control-wrap\" data-name=\"your-message\"><textarea cols=\"40\" rows=\"10\" maxlength=\"2000\" class=\"wpcf7-form-control wpcf7-textarea\" aria-invalid=\"false\" name=\"your-message\"><\/textarea><\/span> <\/label>\n<\/p>\n<p><span class=\"wpcf7-form-control-wrap\" data-name=\"acceptance-145\"><span class=\"wpcf7-form-control wpcf7-acceptance\"><span class=\"wpcf7-list-item\"><label><input type=\"checkbox\" name=\"acceptance-145\" value=\"1\" aria-invalid=\"false\" \/><span class=\"wpcf7-list-item-label\"><small>Ich habe die  <a href=\"\/kontakt\/datenschutzerklaerung\/\">Datenschutzhinweise<\/a> zur Kenntnis genommen.<\/span><\/label><\/span><\/span><\/span>\n<\/p>\n<p><input class=\"wpcf7-form-control wpcf7-submit has-spinner\" type=\"submit\" value=\"Senden\" \/>\n<\/p><input type='hidden' class='wpcf7-pum' value='{\"closepopup\":false,\"closedelay\":0,\"openpopup\":false,\"openpopup_id\":0}' \/><div class=\"wpcf7-response-output\" aria-hidden=\"true\"><\/div>\n<\/form>\n<\/div>\n\n\n\n\n<div style=\"height:40px\" aria-hidden=\"true\" class=\"wp-block-spacer\"><\/div>\n","protected":false},"excerpt":{"rendered":"<p>\u63a5\u89e6 Altfettentsorgung Lesch GmbH &amp; Co. KG\u00c4u\u00dfere N\u00fcrn &hellip;<\/p>\n","protected":false},"author":1,"featured_media":0,"parent":0,"menu_order":0,"comment_status":"closed","ping_status":"closed","template":"","meta":{"inline_featured_image":false,"advgb_blocks_editor_width":"","advgb_blocks_columns_visual_guide":"","footnotes":""},"class_list":["post-1664","page","type-page","status-publish","hentry","post","without-featured-image"],"featured_image_src":null,"featured_image_src_square":null,"coauthors":[],"author_meta":{"author_link":"https:\/\/www.altfett-lesch.de\/zh-hans\/author\/altfettleschadmin\/","display_name":"Altfett Lesch"},"relative_dates":{"created":"\u5df2\u53d1\u5e03 5 \u5e74 \u4e4b\u524d","modified":"\u5df2\u66f4\u65b0 6 \u6708 \u4e4b\u524d"},"absolute_dates":{"created":"\u53d1\u8868\u4e8e 2021\u5e743\u67082\u65e5","modified":"\u66f4\u65b0\u4e8e 2025\u5e7410\u670827\u65e5"},"absolute_dates_time":{"created":"\u53d1\u8868\u4e8e 2021\u5e743\u67082\u65e5 \u4e0a\u534810:25","modified":"\u66f4\u65b0\u4e8e 2025\u5e7410\u670827\u65e5 \u4e0b\u53481:48"},"featured_img_caption":"","featured_img":false,"series_order":"","_links":{"self":[{"href":"https:\/\/www.altfett-lesch.de\/zh-hans\/wp-json\/wp\/v2\/pages\/1664","targetHints":{"allow":["GET"]}}],"collection":[{"href":"https:\/\/www.altfett-lesch.de\/zh-hans\/wp-json\/wp\/v2\/pages"}],"about":[{"href":"https:\/\/www.altfett-lesch.de\/zh-hans\/wp-json\/wp\/v2\/types\/page"}],"author":[{"embeddable":true,"href":"https:\/\/www.altfett-lesch.de\/zh-hans\/wp-json\/wp\/v2\/users\/1"}],"replies":[{"embeddable":true,"href":"https:\/\/www.altfett-lesch.de\/zh-hans\/wp-json\/wp\/v2\/comments?post=1664"}],"version-history":[{"count":16,"href":"https:\/\/www.altfett-lesch.de\/zh-hans\/wp-json\/wp\/v2\/pages\/1664\/revisions"}],"predecessor-version":[{"id":7671,"href":"https:\/\/www.altfett-lesch.de\/zh-hans\/wp-json\/wp\/v2\/pages\/1664\/revisions\/7671"}],"wp:attachment":[{"href":"https:\/\/www.altfett-lesch.de\/zh-hans\/wp-json\/wp\/v2\/media?parent=1664"}],"curies":[{"name":"wp","href":"https:\/\/api.w.org\/{rel}","templated":true}]}}