{"id":1662,"date":"2021-03-02T10:16:14","date_gmt":"2021-03-02T09:16:14","guid":{"rendered":"https:\/\/altfettrecycling.de\/%e7%83%99%e5%8d%b0\/"},"modified":"2024-09-19T07:56:43","modified_gmt":"2024-09-19T05:56:43","slug":"%e7%83%99%e5%8d%b0","status":"publish","type":"page","link":"https:\/\/www.altfett-lesch.de\/zh-hans\/%e7%83%99%e5%8d%b0\/","title":{"rendered":"\u70d9\u5370"},"content":{"rendered":"\n<div style=\"height:40px\" aria-hidden=\"true\" class=\"wp-block-spacer\"><\/div>\n\n<h2 class=\"wp-block-heading\">\u70d9\u5370<\/h2>\n\n<p><strong>\u5e9f\u6cb9\u8102\u7684\u5904\u7406\u548c\u56de\u6536 strong&gt; <br\/> <strong> Lesch GmbH\uff06amp; Co KG  strong&gt; <br\/>\u7ebd\u4f26\u5821\u5916\u5927\u88571\u53f7<br\/> 91177Thalm\u00e4ssing<\/strong><\/strong><\/p>\n\n<p>\u7535\u8bdd\uff1a09173-874 <br\/>\u4f20\u771f\uff1a09173-599<\/p>\n\n<p>\u7535\u5b50\u90ae\u4ef6\uff1ainfo@altfett-lesch.de <br\/>\u4e92\u8054\u7f51\uff1awww.altfett-lesch.de<\/p>\n\n<p>\u4e2a\u4eba\u8d23\u4efb\u5408\u4f19\u4eba\uff1a<br\/> Lesch Verwaltungs GmbH <br\/>\u88ab\u6388\u6743\u4ee3\u8868\u7684\u8463\u4e8b\u603b\u7ecf\u7406\uff1a<br\/> Heiko Lesch<\/p>\n\n<p>\u6ce8\u518c\u6cd5\u9662\uff1a<br\/>\u7ebd\u4f26\u5821\u5730\u65b9\u6cd5\u9662<\/p>\n\n<p>\u6ce8\u518c\u7f16\u53f7\uff1a<br\/> HRB 23966 <br\/> HRA 14787<\/p>\n\n<p>\u6839\u636e\u00a727 a\u8425\u4e1a\u7a0e\u6cd5\u7684\u8425\u4e1a\u7a0e\u8bc6\u522b\u53f7\uff1aDE 258111034<\/p>\n\n<p>Haftungshinweis: Trotz sorgf\u00e4ltiger inhaltlicher Kontrolle \u00fcbernehmen wir keine Haftung f\u00fcr die Inhalte externer Links. F\u00fcr den Inhalt der verlinkten Seiten sind ausschlie\u00dflich deren Betreiber verantwortlich.<\/p>\n\n<p><\/p>\n\n<p><strong>\u8ba4\u8bc1\uff1a<\/strong><br\/>D-U-N-S\u00ae \u7f16\u53f7\uff1a312688317<br\/>\u8fd0\u8f93\u5546\u7f16\u53f7\uff1aI 576 T 2109<br\/>\u751f\u4ea7\u5546\u7f16\u53f7\uff1aI 576 E 1313<br\/>\u5904\u7406\u5668\u7f16\u53f7\uff1aI 576 W 1002<br\/>\u56de\u6536\u5546\u7f16\u53f7 (R3)\uff1aI 576 W 1002<br\/>\u6279\u51c6\u53f7 Mat.Cat.3\uff1aDE 09 576 0003 03<\/p>\n\n<p><\/p>\n\n<div style=\"height:100px\" aria-hidden=\"true\" class=\"wp-block-spacer\"><\/div>\n","protected":false},"excerpt":{"rendered":"<p>\u70d9\u5370 \u5e9f\u6cb9\u8102\u7684\u5904\u7406\u548c\u56de\u6536 strong&gt; Lesch GmbH\uff06amp; Co KG strong&#038;gt &hellip;<\/p>\n","protected":false},"author":1,"featured_media":0,"parent":0,"menu_order":0,"comment_status":"closed","ping_status":"closed","template":"","meta":{"inline_featured_image":false,"advgb_blocks_editor_width":"","advgb_blocks_columns_visual_guide":"","footnotes":""},"class_list":["post-1662","page","type-page","status-publish","hentry","post","without-featured-image"],"featured_image_src":null,"featured_image_src_square":null,"coauthors":[],"author_meta":{"author_link":"https:\/\/www.altfett-lesch.de\/zh-hans\/author\/altfettleschadmin\/","display_name":"Altfett Lesch"},"relative_dates":{"created":"\u5df2\u53d1\u5e03 5 \u5e74 \u4e4b\u524d","modified":"\u5df2\u66f4\u65b0 2 \u5e74 \u4e4b\u524d"},"absolute_dates":{"created":"\u53d1\u8868\u4e8e 2021\u5e743\u67082\u65e5","modified":"\u66f4\u65b0\u4e8e 2024\u5e749\u670819\u65e5"},"absolute_dates_time":{"created":"\u53d1\u8868\u4e8e 2021\u5e743\u67082\u65e5 \u4e0a\u534810:16","modified":"\u66f4\u65b0\u4e8e 2024\u5e749\u670819\u65e5 \u4e0a\u53487:56"},"featured_img_caption":"","featured_img":false,"series_order":"","_links":{"self":[{"href":"https:\/\/www.altfett-lesch.de\/zh-hans\/wp-json\/wp\/v2\/pages\/1662","targetHints":{"allow":["GET"]}}],"collection":[{"href":"https:\/\/www.altfett-lesch.de\/zh-hans\/wp-json\/wp\/v2\/pages"}],"about":[{"href":"https:\/\/www.altfett-lesch.de\/zh-hans\/wp-json\/wp\/v2\/types\/page"}],"author":[{"embeddable":true,"href":"https:\/\/www.altfett-lesch.de\/zh-hans\/wp-json\/wp\/v2\/users\/1"}],"replies":[{"embeddable":true,"href":"https:\/\/www.altfett-lesch.de\/zh-hans\/wp-json\/wp\/v2\/comments?post=1662"}],"version-history":[{"count":2,"href":"https:\/\/www.altfett-lesch.de\/zh-hans\/wp-json\/wp\/v2\/pages\/1662\/revisions"}],"predecessor-version":[{"id":5680,"href":"https:\/\/www.altfett-lesch.de\/zh-hans\/wp-json\/wp\/v2\/pages\/1662\/revisions\/5680"}],"wp:attachment":[{"href":"https:\/\/www.altfett-lesch.de\/zh-hans\/wp-json\/wp\/v2\/media?parent=1662"}],"curies":[{"name":"wp","href":"https:\/\/api.w.org\/{rel}","templated":true}]}}