{"id":5691,"date":"2024-09-19T10:21:14","date_gmt":"2024-09-19T08:21:14","guid":{"rendered":"https:\/\/www.altfett-lesch.de\/kullanilmis-yaglardan-biyoyakit-ve-sendung-mit-der-maus\/"},"modified":"2024-09-19T10:21:14","modified_gmt":"2024-09-19T08:21:14","slug":"kullanilmis-yaglardan-biyoyakit-ve-sendung-mit-der-maus","status":"publish","type":"page","link":"https:\/\/www.altfett-lesch.de\/tr\/kullanilmis-yaglardan-biyoyakit-ve-sendung-mit-der-maus\/","title":{"rendered":"Kullan\u0131lm\u0131\u015f ya\u011flardan biyoyak\u0131t ve \u201cSendung mit der Maus\u201d"},"content":{"rendered":"\n<div style=\"height:60px\" aria-hidden=\"true\" class=\"wp-block-spacer\"><\/div>\n\n<h2 class=\"wp-block-heading\">Kullan\u0131lm\u0131\u015f ya\u011flardan biyoyak\u0131t ve \u201cSendung mit der Maus\u201d<\/h2>\n\n<div class=\"wp-block-columns is-layout-flex wp-container-core-columns-is-layout-9d6595d7 wp-block-columns-is-layout-flex\">\n<div class=\"wp-block-column is-layout-flow wp-block-column-is-layout-flow\" style=\"flex-basis:66.66%\">\n<p><strong>Almanya&#8217;daki her \u00e7ocuk \u201cSendung mit der Maus\u201du bilir.<\/strong><\/p>\n\n\n\n<p>2 Haziran 2024&#8217;ten bu yana, &#8220;Fareyle G\u00f6steri&#8221;yi izleyen her izleyici muhtemelen tekerlekli sar\u0131 toplama kaplar\u0131m\u0131z\u0131, \u00fcretim s\u00fcre\u00e7lerimizi ve kullan\u0131lm\u0131\u015f yemeklik ya\u011flar\u0131n geri d\u00f6n\u00fc\u015ft\u00fcr\u00fclmesinin nihai sonucu olan biyoyak\u0131t\u0131 biliyordur.<\/p>\n\n\n\n<p><strong>\u201cSendung mit der Maus\u201d<\/strong> etkinli\u011finde ana konu biyoyak\u0131tt\u0131 ve fare burada, Thalmassing&#8217;in misafiriydi.<\/p>\n\n\n\n<p><strong>Biyoyak\u0131tlar biyolojik kal\u0131nt\u0131lardan ve eski tala\u015f ya\u011f\u0131 gibi at\u0131k malzemelerden yap\u0131l\u0131r ve fosil dizele k\u0131yasla yakla\u015f\u0131k y\u00fczde 90 daha az sera gaz\u0131 emisyonuna neden olur. Toplu yemek sekt\u00f6r\u00fcnden toplad\u0131\u011f\u0131m\u0131z kullan\u0131lm\u0131\u015f yemeklik ya\u011flar\u0131 \u00fcretim hollerimizde i\u015fliyor, kal\u0131nt\u0131lardan ar\u0131nd\u0131r\u0131yor ve biyoyak\u0131t \u00fcretimine ula\u015ft\u0131r\u0131yoruz.<\/strong><\/p>\n\n\n\n<p><strong><a href=\"https:\/\/www.altfett-lesch.de\/tueren-auf-mit-der-maus\/\" data-type=\"page\" data-id=\"5358\">Ve en iyisi: 3 Ekim 2024&#8217;te &#8220;Birlikte &#8211; kap\u0131lar\u0131 fareyle a\u00e7\u0131n&#8221; slogan\u0131na g\u00f6re bizi Thalm\u00e4ssing&#8217;de de ziyaret edebilirsiniz!<\/a><\/strong><\/p>\n<\/div>\n<\/div>\n\n<div class=\"wp-block-columns is-layout-flex wp-container-core-columns-is-layout-9d6595d7 wp-block-columns-is-layout-flex\"><\/div>\n","protected":false},"excerpt":{"rendered":"<p>Kullan\u0131lm\u0131\u015f ya\u011flardan biyoyak\u0131t ve \u201cSendung mit der Maus\u201d Almanya&#8217;daki her \u00e7ocuk \u201cSendung mit der Maus\u201du bilir. 2 Haziran 2024&#8217;ten bu yana, &#8220;Fareyle G\u00f6steri&#8221;yi izleyen her izleyici muhtemelen tekerlekli sar\u0131 toplama kaplar\u0131m\u0131z\u0131, \u00fcretim s\u00fcre\u00e7lerimizi ve kullan\u0131lm\u0131\u015f yemeklik ya\u011flar\u0131n geri d\u00f6n\u00fc\u015ft\u00fcr\u00fclmesinin nihai sonucu olan biyoyak\u0131t\u0131 biliyordur. \u201cSendung mit der Maus\u201d etkinli\u011finde ana konu biyoyak\u0131tt\u0131 ve fare burada, &hellip;<\/p>\n","protected":false},"author":1,"featured_media":0,"parent":0,"menu_order":0,"comment_status":"closed","ping_status":"closed","template":"","meta":{"inline_featured_image":false,"advgb_blocks_editor_width":"","advgb_blocks_columns_visual_guide":"","footnotes":""},"class_list":["post-5691","page","type-page","status-publish","hentry","post","without-featured-image"],"featured_image_src":null,"featured_image_src_square":null,"coauthors":[],"author_meta":{"author_link":"https:\/\/www.altfett-lesch.de\/tr\/author\/altfettleschadmin\/","display_name":"Altfett Lesch"},"relative_dates":{"created":"Posted 2 y\u0131l ago","modified":"Updated 2 y\u0131l ago"},"absolute_dates":{"created":"Posted on 19 Eyl\u00fcl 2024","modified":"Updated on 19 Eyl\u00fcl 2024"},"absolute_dates_time":{"created":"Posted on 19 Eyl\u00fcl 2024 10:21","modified":"Updated on 19 Eyl\u00fcl 2024 10:21"},"featured_img_caption":"","featured_img":false,"series_order":"","_links":{"self":[{"href":"https:\/\/www.altfett-lesch.de\/tr\/wp-json\/wp\/v2\/pages\/5691","targetHints":{"allow":["GET"]}}],"collection":[{"href":"https:\/\/www.altfett-lesch.de\/tr\/wp-json\/wp\/v2\/pages"}],"about":[{"href":"https:\/\/www.altfett-lesch.de\/tr\/wp-json\/wp\/v2\/types\/page"}],"author":[{"embeddable":true,"href":"https:\/\/www.altfett-lesch.de\/tr\/wp-json\/wp\/v2\/users\/1"}],"replies":[{"embeddable":true,"href":"https:\/\/www.altfett-lesch.de\/tr\/wp-json\/wp\/v2\/comments?post=5691"}],"version-history":[{"count":1,"href":"https:\/\/www.altfett-lesch.de\/tr\/wp-json\/wp\/v2\/pages\/5691\/revisions"}],"predecessor-version":[{"id":5692,"href":"https:\/\/www.altfett-lesch.de\/tr\/wp-json\/wp\/v2\/pages\/5691\/revisions\/5692"}],"wp:attachment":[{"href":"https:\/\/www.altfett-lesch.de\/tr\/wp-json\/wp\/v2\/media?parent=5691"}],"curies":[{"name":"wp","href":"https:\/\/api.w.org\/{rel}","templated":true}]}}