{"id":1981,"date":"2021-03-19T12:09:48","date_gmt":"2021-03-19T11:09:48","guid":{"rendered":"https:\/\/altfettrecycling.de\/bonus-sistemi-baglilik-dueser\/"},"modified":"2021-03-19T12:09:52","modified_gmt":"2021-03-19T11:09:52","slug":"bonus-sistemi-baglilik-dueser","status":"publish","type":"page","link":"https:\/\/www.altfett-lesch.de\/tr\/bonus-sistemi-baglilik-dueser\/","title":{"rendered":"Bonus sistemi &#8220;Ba\u011fl\u0131l\u0131k d\u00fc\u015fer&#8221;"},"content":{"rendered":"\n<div class=\"wp-block-group alignfull\"><div class=\"wp-block-group__inner-container is-layout-flow wp-block-group-is-layout-flow\">\n<div class=\"wp-block-advgb-image advgb-image-block full-width advgb-img-5b8f6b19-09fa-4a66-b4ca-ba3621650a54\" style=\"background-image:url(https:\/\/www.altfett-lesch.de\/wp-content\/uploads\/2021\/03\/iStock-1182461522-1-scaled.jpg);background-position:65% 46%;height:550px;width:500px;justify-content:flex-end;align-items:flex-start\" data-image=\"https:\/\/www.altfett-lesch.de\/wp-content\/uploads\/2021\/03\/iStock-1182461522-1-scaled.jpg\"><a class=\"advgb-image-overlay\" style=\"background-color:#000\" target=\"_blank\" rel=\"noopener noreferrer\"><\/a><h4 class=\"advgb-image-title\" style=\"color:#fff\">Ortaklar, ortaklar\u0131 i\u015fe al\u0131r!<\/h4><p class=\"advgb-image-subtitle\" style=\"color:#fff\">Bonus sistemi &#8220;Ba\u011fl\u0131l\u0131k d\u00fc\u015fer&#8221;<\/p><\/div>\n<\/div><\/div>\n\n<div style=\"height:43px\" aria-hidden=\"true\" class=\"wp-block-spacer\"><\/div>\n\n<h2 class=\"wp-block-heading\">Bonus sistemi &#8220;Ba\u011fl\u0131l\u0131k d\u00fc\u015fer&#8221;<\/h2>\n\n<h3 class=\"wp-block-heading\">Ortaklar, ortaklar\u0131 i\u015fe al\u0131r!<\/h3>\n\n<div class=\"wp-block-columns is-layout-flex wp-container-core-columns-is-layout-9d6595d7 wp-block-columns-is-layout-flex\">\n<div class=\"wp-block-column is-layout-flow wp-block-column-is-layout-flow\">\n<p>Bize bir arkada\u015f\u0131n\u0131z\u0131 \u00f6nerin ve bir s\u00f6zle\u015fme imzalad\u0131\u011f\u0131n\u0131z i\u00e7in bir bonus ve alt\u0131 ay sonra bir sat\u0131\u015f bonusu kazan\u0131n!<\/p>\n\n\n\n<p>\u0130\u015fe al\u0131nan ortak, do\u011fal olarak profesyonel at\u0131klardan, sa\u011flanan ya\u011f kutusundan ve toplad\u0131\u011f\u0131m\u0131z kullan\u0131lm\u0131\u015f yemeklik ya\u011f\u0131n \u00fccretinden faydalan\u0131r.<\/p>\n\n\n\n<p>A\u015fa\u011f\u0131daki formu kullanarak bize verileri g\u00f6nderin.<\/p>\n\n\n\n<p>Daha sonra i\u015fe ald\u0131\u011f\u0131n\u0131z orta\u011f\u0131n\u0131zla telefonla ileti\u015fime ge\u00e7ece\u011fiz. L\u00fctfen partnerinize onun reklam\u0131n\u0131 yapmak istedi\u011finizi ve tavsiyeyi kabul edip etmedi\u011fini \u00f6nceden bildirin!<\/p>\n\n\n\n<h3 class=\"wp-block-heading\">Bir s\u00f6zle\u015fmenin ba\u015far\u0131l\u0131 bir \u015fekilde sonu\u00e7land\u0131r\u0131lmas\u0131 \u00fczerine bonus<\/h3>\n\n\n\n<p>30 g\u00fcn i\u00e7inde bir s\u00f6zle\u015fme imzalan\u0131rsa, siz ve yeni m\u00fc\u015fteri bonus olarak ya\u011f giderici al\u0131rs\u0131n\u0131z. Birka\u00e7 ortak tavsiye ederseniz, elbette her ba\u015far\u0131l\u0131 s\u00f6zle\u015fme i\u00e7in bir bonus alacaks\u0131n\u0131z.<\/p>\n<\/div>\n\n\n\n<div class=\"wp-block-column is-layout-flow wp-block-column-is-layout-flow\">\n<h3 class=\"wp-block-heading\">Sat\u0131\u015f bonusu<\/h3>\n\n\n\n<p>Bertaraf edilen kullan\u0131lm\u0131\u015f yemeklik ya\u011f miktar\u0131na ba\u011fl\u0131 olarak bir sat\u0131\u015f bonusu alacaks\u0131n\u0131z.<\/p>\n\n\n\n<figure class=\"wp-block-table\"><table><tbody><tr><td><strong>Toplanan A\u011f\u0131rl\u0131k \/<\/strong>&#13;\n<strong>6 ay<\/strong><\/td><td><strong>Bonus<\/strong><\/td><\/tr><tr><td>50-250 kg<\/td><td>2 damla<\/td><\/tr><tr><td>251-500 kg<\/td><td>3 damla<\/td><\/tr><tr><td>501-750 kg<\/td><td>4 damla<\/td><\/tr><tr><td>751-1.000 kg<\/td><td>5 damla<\/td><\/tr><tr><td>&gt; 1.000 kg<\/td><td>6 damla<\/td><\/tr><\/tbody><\/table><\/figure>\n\n\n\n<p>Reklamverene, alt\u0131 ay sonra elde edilen d\u00fc\u015f\u00fc\u015fler hakk\u0131nda bilgi verilecektir. Damlalar hemen paraya \u00e7evrilebilir veya toplanabilir.<\/p>\n\n\n\n<p>Kampanya 1 Nisan 2021&#8217;den 31 Mart 2022&#8217;ye kadar s\u00fcrecek. Ba\u011fl\u0131l\u0131k d\u00fc\u015f\u00fc\u015fleri, 1 Ekim 2022&#8217;ye kadar nakit olmayan \u00f6d\u00fcller i\u00e7in kullan\u0131labilir.<\/p>\n<\/div>\n<\/div>\n\n<div style=\"height:60px\" aria-hidden=\"true\" class=\"wp-block-spacer\"><\/div>\n\n<h2 class=\"wp-block-heading\">\u00d6d\u00fcllerimiz<\/h2>\n\n<div class=\"wp-block-columns is-layout-flex wp-container-core-columns-is-layout-9d6595d7 wp-block-columns-is-layout-flex\">\n<div class=\"wp-block-column is-layout-flow wp-block-column-is-layout-flow\">\n<p class=\"has-text-align-center punkt\"><strong>1 <\/strong>damla<\/p>\n\n\n\n<figure class=\"wp-block-image size-large\"><img loading=\"lazy\" decoding=\"async\" width=\"800\" height=\"800\" src=\"https:\/\/www.altfett-lesch.de\/wp-content\/uploads\/2021\/03\/Rapsoel_BiB_Heidenreich-1.jpg\" alt=\"\" class=\"wp-image-1940\" srcset=\"https:\/\/www.altfett-lesch.de\/wp-content\/uploads\/2021\/03\/Rapsoel_BiB_Heidenreich-1.jpg 800w, https:\/\/www.altfett-lesch.de\/wp-content\/uploads\/2021\/03\/Rapsoel_BiB_Heidenreich-1-300x300.jpg 300w, https:\/\/www.altfett-lesch.de\/wp-content\/uploads\/2021\/03\/Rapsoel_BiB_Heidenreich-1-150x150.jpg 150w, https:\/\/www.altfett-lesch.de\/wp-content\/uploads\/2021\/03\/Rapsoel_BiB_Heidenreich-1-768x768.jpg 768w, https:\/\/www.altfett-lesch.de\/wp-content\/uploads\/2021\/03\/Rapsoel_BiB_Heidenreich-1-600x600.jpg 600w\" sizes=\"auto, (max-width: 800px) 100vw, 800px\" \/><\/figure>\n\n\n\n<h4 class=\"has-text-align-center wp-block-heading\">Raps\u00f6l Heidenreich, <br\/>10l BiB<\/h4>\n<\/div>\n\n\n\n<div class=\"wp-block-column is-layout-flow wp-block-column-is-layout-flow\">\n<p class=\"has-text-align-center punkt\"><strong>2 <\/strong>damla<\/p>\n\n\n\n<figure class=\"wp-block-image size-large\"><img loading=\"lazy\" decoding=\"async\" width=\"800\" height=\"800\" src=\"https:\/\/www.altfett-lesch.de\/wp-content\/uploads\/2021\/03\/MAMITO_Bag-in-Box-1.jpg\" alt=\"\" class=\"wp-image-1944\" srcset=\"https:\/\/www.altfett-lesch.de\/wp-content\/uploads\/2021\/03\/MAMITO_Bag-in-Box-1.jpg 800w, https:\/\/www.altfett-lesch.de\/wp-content\/uploads\/2021\/03\/MAMITO_Bag-in-Box-1-300x300.jpg 300w, https:\/\/www.altfett-lesch.de\/wp-content\/uploads\/2021\/03\/MAMITO_Bag-in-Box-1-150x150.jpg 150w, https:\/\/www.altfett-lesch.de\/wp-content\/uploads\/2021\/03\/MAMITO_Bag-in-Box-1-768x768.jpg 768w, https:\/\/www.altfett-lesch.de\/wp-content\/uploads\/2021\/03\/MAMITO_Bag-in-Box-1-600x600.jpg 600w\" sizes=\"auto, (max-width: 800px) 100vw, 800px\" \/><\/figure>\n\n\n\n<h4 class=\"has-text-align-center wp-block-heading\">Hochleistungs-frittier\u00f6l aus Raps\u00f6l, 10l BiB<\/h4>\n<\/div>\n\n\n\n<div class=\"wp-block-column is-layout-flow wp-block-column-is-layout-flow\">\n<p class=\"has-text-align-center punkt\"><strong>4 <\/strong>damla<\/p>\n\n\n\n<figure class=\"wp-block-image size-large\"><img loading=\"lazy\" decoding=\"async\" width=\"800\" height=\"800\" src=\"https:\/\/www.altfett-lesch.de\/wp-content\/uploads\/2021\/03\/testo.jpg\" alt=\"\" class=\"wp-image-1948\" srcset=\"https:\/\/www.altfett-lesch.de\/wp-content\/uploads\/2021\/03\/testo.jpg 800w, https:\/\/www.altfett-lesch.de\/wp-content\/uploads\/2021\/03\/testo-300x300.jpg 300w, https:\/\/www.altfett-lesch.de\/wp-content\/uploads\/2021\/03\/testo-150x150.jpg 150w, https:\/\/www.altfett-lesch.de\/wp-content\/uploads\/2021\/03\/testo-768x768.jpg 768w, https:\/\/www.altfett-lesch.de\/wp-content\/uploads\/2021\/03\/testo-600x600.jpg 600w\" sizes=\"auto, (max-width: 800px) 100vw, 800px\" \/><\/figure>\n\n\n\n<h4 class=\"has-text-align-center wp-block-heading\">testo 106 Lebensmittel-thermometer<\/h4>\n<\/div>\n\n\n\n<div class=\"wp-block-column is-layout-flow wp-block-column-is-layout-flow\">\n<p class=\"has-text-align-center punkt\"><strong>4 <\/strong>damla<\/p>\n\n\n\n<figure class=\"wp-block-image size-large\"><img loading=\"lazy\" decoding=\"async\" width=\"400\" height=\"400\" src=\"https:\/\/www.altfett-lesch.de\/wp-content\/uploads\/2021\/03\/completta_fritteusenreiniger.jpg\" alt=\"\" class=\"wp-image-1952\" srcset=\"https:\/\/www.altfett-lesch.de\/wp-content\/uploads\/2021\/03\/completta_fritteusenreiniger.jpg 400w, https:\/\/www.altfett-lesch.de\/wp-content\/uploads\/2021\/03\/completta_fritteusenreiniger-300x300.jpg 300w, https:\/\/www.altfett-lesch.de\/wp-content\/uploads\/2021\/03\/completta_fritteusenreiniger-150x150.jpg 150w\" sizes=\"auto, (max-width: 400px) 100vw, 400px\" \/><\/figure>\n\n\n\n<h4 class=\"has-text-align-center wp-block-heading\">Completta Fritteusen-<br\/>reiniger 20x150g<\/h4>\n<\/div>\n\n\n\n<div class=\"wp-block-column is-layout-flow wp-block-column-is-layout-flow\">\n<p class=\"has-text-align-center punkt\"><strong>6 <\/strong>damla<\/p>\n\n\n\n<figure class=\"wp-block-image size-large\"><img loading=\"lazy\" decoding=\"async\" width=\"400\" height=\"400\" src=\"https:\/\/www.altfett-lesch.de\/wp-content\/uploads\/2021\/03\/frittieranalyse.jpg\" alt=\"\" class=\"wp-image-1956\" srcset=\"https:\/\/www.altfett-lesch.de\/wp-content\/uploads\/2021\/03\/frittieranalyse.jpg 400w, https:\/\/www.altfett-lesch.de\/wp-content\/uploads\/2021\/03\/frittieranalyse-300x300.jpg 300w, https:\/\/www.altfett-lesch.de\/wp-content\/uploads\/2021\/03\/frittieranalyse-150x150.jpg 150w\" sizes=\"auto, (max-width: 400px) 100vw, 400px\" \/><\/figure>\n\n\n\n<h4 class=\"has-text-align-center wp-block-heading\">MAMITO Frittieranalyse im Wert von 179\u20ac<\/h4>\n<\/div>\n<\/div>\n\n<div style=\"height:60px\" aria-hidden=\"true\" class=\"wp-block-spacer\"><\/div>\n\n<h2 class=\"wp-block-heading\">Ortaklar\u0131n reklam\u0131n\u0131 yap\u0131n<\/h2>\n\n\n<div class=\"wpcf7 no-js\" id=\"wpcf7-f1986-o1\" lang=\"tr-TR\" dir=\"ltr\" data-wpcf7-id=\"1986\">\n<div class=\"screen-reader-response\"><p role=\"status\" aria-live=\"polite\" aria-atomic=\"true\"><\/p> <ul><\/ul><\/div>\n<form action=\"\/tr\/wp-json\/wp\/v2\/pages\/1981#wpcf7-f1986-o1\" method=\"post\" class=\"wpcf7-form init\" aria-label=\"\u0130leti\u015fim Formu\" novalidate=\"novalidate\" data-status=\"init\">\n<fieldset class=\"hidden-fields-container\"><input type=\"hidden\" name=\"_wpcf7\" value=\"1986\" \/><input type=\"hidden\" name=\"_wpcf7_version\" value=\"6.1.5\" \/><input type=\"hidden\" name=\"_wpcf7_locale\" value=\"tr_TR\" \/><input type=\"hidden\" name=\"_wpcf7_unit_tag\" value=\"wpcf7-f1986-o1\" \/><input type=\"hidden\" name=\"_wpcf7_container_post\" value=\"0\" \/><input type=\"hidden\" name=\"_wpcf7_posted_data_hash\" value=\"\" \/><input type=\"hidden\" name=\"_wpcf7cf_hidden_group_fields\" value=\"[]\" \/><input type=\"hidden\" name=\"_wpcf7cf_hidden_groups\" value=\"[]\" \/><input type=\"hidden\" name=\"_wpcf7cf_visible_groups\" value=\"[]\" \/><input type=\"hidden\" name=\"_wpcf7cf_repeaters\" value=\"[]\" \/><input type=\"hidden\" name=\"_wpcf7cf_steps\" value=\"{}\" \/><input type=\"hidden\" name=\"_wpcf7cf_options\" value=\"{&quot;form_id&quot;:1986,&quot;conditions&quot;:[],&quot;settings&quot;:{&quot;animation&quot;:&quot;no&quot;,&quot;animation_intime&quot;:&quot;200&quot;,&quot;animation_outtime&quot;:&quot;200&quot;,&quot;conditions_ui&quot;:&quot;normal&quot;,&quot;notice_dismissed&quot;:&quot;&quot;,&quot;notice_dismissed_rollback-cf7-5.4.2&quot;:true,&quot;notice_dismissed_rollback-cf7-5.8.2&quot;:true,&quot;notice_dismissed_rollback-cf7-5.9.5&quot;:true}}\" \/>\n<\/fieldset>\n<div class=\"wp-block-columns\">\n\t<div class=\"wp-block-column\">\n\t\t<h3>M\u00fc\u015fteri (tavsiye eden)\n\t\t<\/h3>\n\t\t<p><label>\u015eirket (zorunlu alan)<br \/>\n<span class=\"wpcf7-form-control-wrap\" data-name=\"your-name\"><input size=\"40\" maxlength=\"400\" class=\"wpcf7-form-control wpcf7-text wpcf7-validates-as-required\" aria-required=\"true\" aria-invalid=\"false\" value=\"\" type=\"text\" name=\"your-name\" \/><\/span> <\/label>\n\t\t<\/p>\n\t\t<p><label> \u0130lgili ki\u015finin ad\u0131 (zorunlu alan)<br \/>\n<span class=\"wpcf7-form-control-wrap\" data-name=\"your-firma\"><input size=\"40\" maxlength=\"400\" class=\"wpcf7-form-control wpcf7-text wpcf7-validates-as-required\" aria-required=\"true\" aria-invalid=\"false\" value=\"\" type=\"text\" name=\"your-firma\" \/><\/span> <\/label>\n\t\t<\/p>\n\t\t<p><label>m\u00fc\u015fteri numaras\u0131<br \/>\n<span class=\"wpcf7-form-control-wrap\" data-name=\"your-kundennummer\"><input size=\"40\" maxlength=\"400\" class=\"wpcf7-form-control wpcf7-text\" aria-invalid=\"false\" value=\"\" type=\"text\" name=\"your-kundennummer\" \/><\/span> <\/label>\n\t\t<\/p>\n\t\t<p><label>E-posta adresi (zorunlu alan)<br \/>\n<span class=\"wpcf7-form-control-wrap\" data-name=\"your-email\"><input size=\"40\" maxlength=\"400\" class=\"wpcf7-form-control wpcf7-email wpcf7-validates-as-required wpcf7-text wpcf7-validates-as-email\" aria-required=\"true\" aria-invalid=\"false\" value=\"\" type=\"email\" name=\"your-email\" \/><\/span> <\/label>\n\t\t<\/p>\n\t\t<p><label>Telefon (zorunlu alan)<br \/>\n<span class=\"wpcf7-form-control-wrap\" data-name=\"your-phone\"><input size=\"40\" maxlength=\"400\" class=\"wpcf7-form-control wpcf7-text wpcf7-validates-as-required\" aria-required=\"true\" aria-invalid=\"false\" value=\"\" type=\"text\" name=\"your-phone\" \/><\/span> <\/label>\n\t\t<\/p>\n\t\t<p><label>Sokak, bina numaras\u0131 (zorunlu alan)<br \/>\n<span class=\"wpcf7-form-control-wrap\" data-name=\"your-adresse\"><input size=\"40\" maxlength=\"400\" class=\"wpcf7-form-control wpcf7-text wpcf7-validates-as-required\" aria-required=\"true\" aria-invalid=\"false\" value=\"\" type=\"text\" name=\"your-adresse\" \/><\/span> <\/label>\n\t\t<\/p>\n\t\t<p><label>Posta kodu, \u015fehir (zorunlu alan)<br \/>\n<span class=\"wpcf7-form-control-wrap\" data-name=\"your-ort\"><input size=\"40\" maxlength=\"400\" class=\"wpcf7-form-control wpcf7-text wpcf7-validates-as-required\" aria-required=\"true\" aria-invalid=\"false\" value=\"\" type=\"text\" name=\"your-ort\" \/><\/span> <\/label>\n\t\t<\/p>\n\t<\/div>\n\t<div class=\"wp-block-column\">\n\t\t<h3>Yeni m\u00fc\u015fteri (\u00f6neri al\u0131c\u0131s\u0131)\n\t\t<\/h3>\n\t\t<p><label> \u015eirket (zorunlu alan)<br \/>\n<span class=\"wpcf7-form-control-wrap\" data-name=\"neukunde-firma\"><input size=\"40\" maxlength=\"400\" class=\"wpcf7-form-control wpcf7-text wpcf7-validates-as-required\" aria-required=\"true\" aria-invalid=\"false\" value=\"\" type=\"text\" name=\"neukunde-firma\" \/><\/span> <\/label>\n\t\t<\/p>\n\t\t<p><label> \u0130lgili ki\u015finin ad\u0131 (zorunlu alan)<br \/>\n<span class=\"wpcf7-form-control-wrap\" data-name=\"neukunde-name\"><input size=\"40\" maxlength=\"400\" class=\"wpcf7-form-control wpcf7-text wpcf7-validates-as-required\" aria-required=\"true\" aria-invalid=\"false\" value=\"\" type=\"text\" name=\"neukunde-name\" \/><\/span> <\/label>\n\t\t<\/p>\n\t\t<p><label>E-posta adresi (zorunlu alan)<br \/>\n<span class=\"wpcf7-form-control-wrap\" data-name=\"neukunde-email\"><input size=\"40\" maxlength=\"400\" class=\"wpcf7-form-control wpcf7-email wpcf7-validates-as-required wpcf7-text wpcf7-validates-as-email\" aria-required=\"true\" aria-invalid=\"false\" value=\"\" type=\"email\" name=\"neukunde-email\" \/><\/span> <\/label>\n\t\t<\/p>\n\t\t<p><label>Telefon(zorunlu alan)<br \/>\n<span class=\"wpcf7-form-control-wrap\" data-name=\"neukunde-phone\"><input size=\"40\" maxlength=\"400\" class=\"wpcf7-form-control wpcf7-text wpcf7-validates-as-required\" aria-required=\"true\" aria-invalid=\"false\" value=\"\" type=\"text\" name=\"neukunde-phone\" \/><\/span> <\/label>\n\t\t<\/p>\n\t\t<p><label>mesaj\u0131<br \/>\n<span class=\"wpcf7-form-control-wrap\" data-name=\"your-message\"><textarea cols=\"40\" rows=\"10\" maxlength=\"2000\" class=\"wpcf7-form-control wpcf7-textarea\" aria-invalid=\"false\" name=\"your-message\"><\/textarea><\/span> <\/label>\n\t\t<\/p>\n\t\t<p><span class=\"wpcf7-form-control-wrap\" data-name=\"acceptance-145\"><span class=\"wpcf7-form-control wpcf7-acceptance\"><span class=\"wpcf7-list-item\"><label><input type=\"checkbox\" name=\"acceptance-145\" value=\"1\" aria-invalid=\"false\" \/><span class=\"wpcf7-list-item-label\"><small>Ich habe die  <a href=\"\/kontakt\/datenschutzerklaerung\/\">gizlilik politikas\u0131n\u0131<\/a> okudum.<\/span><\/label><\/span><\/span><\/span>\n\t\t<\/p>\n\t\t<p><span class=\"wpcf7-form-control-wrap\" data-name=\"acceptance-146\"><span class=\"wpcf7-form-control wpcf7-acceptance\"><span class=\"wpcf7-list-item\"><label><input type=\"checkbox\" name=\"acceptance-146\" value=\"1\" aria-invalid=\"false\" \/><span class=\"wpcf7-list-item-label\"><small>Gelecekteki yeni m\u00fc\u015fteriye (tavsiye al\u0131c\u0131s\u0131) promosyona i\u015faret ettim ve yeni bir m\u00fc\u015fteri olarak i\u015fe al\u0131nmak istiyor.<\/span><\/label><\/span><\/span><\/span>\n\t\t<\/p>\n\t\t<p><input class=\"wpcf7-form-control wpcf7-submit has-spinner\" type=\"submit\" value=\"\u00d6neriyi g\u00f6nder\" \/>\n\t\t<\/p>\n\t<\/div>\n<\/div><input type='hidden' class='wpcf7-pum' value='{\"closepopup\":false,\"closedelay\":0,\"openpopup\":false,\"openpopup_id\":0}' \/><div class=\"wpcf7-response-output\" aria-hidden=\"true\"><\/div>\n<\/form>\n<\/div>\n\n<style class=\"advgb-styles-renderer\">.advgb-img-5b8f6b19-09fa-4a66-b4ca-ba3621650a54.advgb-image-block .advgb-image-overlay{opacity:0 !important;}.advgb-img-5b8f6b19-09fa-4a66-b4ca-ba3621650a54.advgb-image-block:hover .advgb-image-overlay{opacity:0 !important;}.advgb-img-5b8f6b19-09fa-4a66-b4ca-ba3621650a54.advgb-image-block .advgb-image-overlay{opacity:0 !important;}.advgb-img-5b8f6b19-09fa-4a66-b4ca-ba3621650a54.advgb-image-block:hover .advgb-image-overlay{opacity:0 !important;}<\/style>","protected":false},"excerpt":{"rendered":"<p>Bonus sistemi &#8220;Ba\u011fl\u0131l\u0131k d\u00fc\u015fer&#8221; Ortaklar, ortaklar\u0131 i\u015fe al\u0131r! Bize bir arkada\u015f\u0131n\u0131z\u0131 \u00f6nerin ve bir s\u00f6zle\u015fme imzalad\u0131\u011f\u0131n\u0131z i\u00e7in bir bonus ve alt\u0131 ay sonra bir sat\u0131\u015f bonusu kazan\u0131n! \u0130\u015fe al\u0131nan ortak, do\u011fal olarak profesyonel at\u0131klardan, sa\u011flanan ya\u011f kutusundan ve toplad\u0131\u011f\u0131m\u0131z kullan\u0131lm\u0131\u015f yemeklik ya\u011f\u0131n \u00fccretinden faydalan\u0131r. A\u015fa\u011f\u0131daki formu kullanarak bize verileri g\u00f6nderin. Daha sonra i\u015fe ald\u0131\u011f\u0131n\u0131z orta\u011f\u0131n\u0131zla &hellip;<\/p>\n","protected":false},"author":1,"featured_media":0,"parent":0,"menu_order":0,"comment_status":"closed","ping_status":"closed","template":"","meta":{"inline_featured_image":false,"advgb_blocks_editor_width":"","advgb_blocks_columns_visual_guide":"","footnotes":""},"class_list":["post-1981","page","type-page","status-publish","hentry","post","without-featured-image"],"featured_image_src":null,"featured_image_src_square":null,"coauthors":[],"author_meta":{"author_link":"https:\/\/www.altfett-lesch.de\/tr\/author\/altfettleschadmin\/","display_name":"Altfett Lesch"},"relative_dates":{"created":"Posted 5 y\u0131l ago","modified":"Updated 5 y\u0131l ago"},"absolute_dates":{"created":"Posted on 19 Mart 2021","modified":"Updated on 19 Mart 2021"},"absolute_dates_time":{"created":"Posted on 19 Mart 2021 12:09","modified":"Updated on 19 Mart 2021 12:09"},"featured_img_caption":"","featured_img":false,"series_order":"","_links":{"self":[{"href":"https:\/\/www.altfett-lesch.de\/tr\/wp-json\/wp\/v2\/pages\/1981","targetHints":{"allow":["GET"]}}],"collection":[{"href":"https:\/\/www.altfett-lesch.de\/tr\/wp-json\/wp\/v2\/pages"}],"about":[{"href":"https:\/\/www.altfett-lesch.de\/tr\/wp-json\/wp\/v2\/types\/page"}],"author":[{"embeddable":true,"href":"https:\/\/www.altfett-lesch.de\/tr\/wp-json\/wp\/v2\/users\/1"}],"replies":[{"embeddable":true,"href":"https:\/\/www.altfett-lesch.de\/tr\/wp-json\/wp\/v2\/comments?post=1981"}],"version-history":[{"count":1,"href":"https:\/\/www.altfett-lesch.de\/tr\/wp-json\/wp\/v2\/pages\/1981\/revisions"}],"predecessor-version":[{"id":1982,"href":"https:\/\/www.altfett-lesch.de\/tr\/wp-json\/wp\/v2\/pages\/1981\/revisions\/1982"}],"wp:attachment":[{"href":"https:\/\/www.altfett-lesch.de\/tr\/wp-json\/wp\/v2\/media?parent=1981"}],"curies":[{"name":"wp","href":"https:\/\/api.w.org\/{rel}","templated":true}]}}