{"id":1612,"date":"2021-03-01T15:21:23","date_gmt":"2021-03-01T14:21:23","guid":{"rendered":"https:\/\/altfettrecycling.de\/baski\/"},"modified":"2024-09-19T07:43:53","modified_gmt":"2024-09-19T05:43:53","slug":"baski","status":"publish","type":"page","link":"https:\/\/www.altfett-lesch.de\/tr\/baski\/","title":{"rendered":"bask\u0131"},"content":{"rendered":"\n<div style=\"height:40px\" aria-hidden=\"true\" class=\"wp-block-spacer\"><\/div>\n\n<h2 class=\"wp-block-heading\">bask\u0131<\/h2>\n\n<p><strong>Altfettentsorgung und -recycling\u00a0<\/strong><br\/><strong>Lesch GmbH &amp; Co. KG<\/strong><br\/>\u00c4u\u00dfere N\u00fcrnberger Str. 1<br\/>91177 Thalm\u00e4ssing<\/p>\n\n<p>Telefon: 09173-874<br\/>Faks: 09173-599<\/p>\n\n<p>E-Posta: info@altfett-lesch.de<br\/>Internet: www.altfett-lesch.de<\/p>\n\n<p>\u015eahsen sorumlu ortak: <br\/>Lesch Verwaltungs GmbH<br\/>Temsil &#13;\netmeye yetkili y\u00f6netici m\u00fcd\u00fcr: \u00a0<br\/>Heiko Lesch<\/p>\n\n<p>Kay\u0131t &#13;\nmahkemesi: <br\/> N\u00fcrnberg B\u00f6lge Mahkemesi<\/p>\n\n<p>Kay\u0131t numaras\u0131:  <br\/>HRB 23966<br\/>HRA 14787<\/p>\n\n<p>Sat\u0131\u015f vergisi kimlik numaras\u0131 \u00a7 27 a sat\u0131\u015f vergisi yasas\u0131na g\u00f6re: &#13;\n<br\/>DE 258111034&#13;\n<\/p>\n\n<p>Sorumluluk bildirimi: \u0130\u00e7eri\u011fin dikkatli bir \u015fekilde kontrol edilmesine ra\u011fmen, harici ba\u011flant\u0131lar\u0131n i\u00e7eri\u011fi i\u00e7in hi\u00e7bir sorumluluk kabul etmiyoruz. Ba\u011flant\u0131l\u0131 sayfalar\u0131n operat\u00f6rleri, i\u00e7eriklerinden yaln\u0131zca sorumludur.<\/p>\n\n<p><\/p>\n\n<p><strong>Onaylar:<\/strong><br\/>D-U-N-S\u00ae numaras\u0131: 312688317<br\/>Ta\u015f\u0131y\u0131c\u0131 numaras\u0131: I 576 T 2109<br\/>\u00dcretici numaras\u0131: I 576 E 1313<br\/>At\u0131\u015ft\u0131r\u0131c\u0131 numaras\u0131: I 576 W 1002<br\/>Geri d\u00f6n\u00fc\u015f\u00fcm cihaz\u0131 numaras\u0131 (R3): I 576 W 1002<br\/>Onay numaras\u0131 Mat.Cat.3: DE 09 576 0003 03<\/p>\n\n<p><\/p>\n\n<div style=\"height:100px\" aria-hidden=\"true\" class=\"wp-block-spacer\"><\/div>\n","protected":false},"excerpt":{"rendered":"<p>bask\u0131 Altfettentsorgung und -recycling\u00a0Lesch GmbH &amp; Co. KG\u00c4u\u00dfere N\u00fcrnberger Str. 191177 Thalm\u00e4ssing Telefon: 09173-874Faks: 09173-599 E-Posta: info@altfett-lesch.deInternet: www.altfett-lesch.de \u015eahsen sorumlu ortak: Lesch Verwaltungs GmbHTemsil &#13; etmeye yetkili y\u00f6netici m\u00fcd\u00fcr: \u00a0Heiko Lesch Kay\u0131t &#13; mahkemesi: N\u00fcrnberg B\u00f6lge Mahkemesi Kay\u0131t numaras\u0131: HRB 23966HRA 14787 Sat\u0131\u015f vergisi kimlik numaras\u0131 \u00a7 27 a sat\u0131\u015f vergisi yasas\u0131na g\u00f6re: &#13; DE &hellip;<\/p>\n","protected":false},"author":1,"featured_media":0,"parent":0,"menu_order":0,"comment_status":"closed","ping_status":"closed","template":"","meta":{"inline_featured_image":false,"advgb_blocks_editor_width":"","advgb_blocks_columns_visual_guide":"","footnotes":""},"class_list":["post-1612","page","type-page","status-publish","hentry","post","without-featured-image"],"featured_image_src":null,"featured_image_src_square":null,"coauthors":[],"author_meta":{"author_link":"https:\/\/www.altfett-lesch.de\/tr\/author\/altfettleschadmin\/","display_name":"Altfett Lesch"},"relative_dates":{"created":"G\u00f6nderildi 5 y\u0131l \u00f6nce","modified":"G\u00fcncellendi 2 y\u0131l \u00f6nce"},"absolute_dates":{"created":"G\u00f6nderildi 1 Mart 2021","modified":"G\u00fcncellendi 19 Eyl\u00fcl 2024"},"absolute_dates_time":{"created":"G\u00f6nderildi 1 Mart 2021 15:21","modified":"G\u00fcncellendi 19 Eyl\u00fcl 2024 07:43"},"featured_img_caption":"","featured_img":false,"series_order":"","_links":{"self":[{"href":"https:\/\/www.altfett-lesch.de\/tr\/wp-json\/wp\/v2\/pages\/1612","targetHints":{"allow":["GET"]}}],"collection":[{"href":"https:\/\/www.altfett-lesch.de\/tr\/wp-json\/wp\/v2\/pages"}],"about":[{"href":"https:\/\/www.altfett-lesch.de\/tr\/wp-json\/wp\/v2\/types\/page"}],"author":[{"embeddable":true,"href":"https:\/\/www.altfett-lesch.de\/tr\/wp-json\/wp\/v2\/users\/1"}],"replies":[{"embeddable":true,"href":"https:\/\/www.altfett-lesch.de\/tr\/wp-json\/wp\/v2\/comments?post=1612"}],"version-history":[{"count":2,"href":"https:\/\/www.altfett-lesch.de\/tr\/wp-json\/wp\/v2\/pages\/1612\/revisions"}],"predecessor-version":[{"id":5669,"href":"https:\/\/www.altfett-lesch.de\/tr\/wp-json\/wp\/v2\/pages\/1612\/revisions\/5669"}],"wp:attachment":[{"href":"https:\/\/www.altfett-lesch.de\/tr\/wp-json\/wp\/v2\/media?parent=1612"}],"curies":[{"name":"wp","href":"https:\/\/api.w.org\/{rel}","templated":true}]}}