{"id":1598,"date":"2021-03-01T15:14:56","date_gmt":"2021-03-01T14:14:56","guid":{"rendered":"https:\/\/altfettrecycling.de\/suerdueruelebilirlik-ve-yenilik\/"},"modified":"2024-09-19T07:52:38","modified_gmt":"2024-09-19T05:52:38","slug":"suerdueruelebilirlik-ve-yenilik","status":"publish","type":"page","link":"https:\/\/www.altfett-lesch.de\/tr\/suerdueruelebilirlik-ve-yenilik\/","title":{"rendered":"S\u00fcrd\u00fcr\u00fclebilirlik ve yenilik"},"content":{"rendered":"\n<div class=\"wp-block-cover alignfull is-light\" style=\"min-height:650px;aspect-ratio:unset;\"><span aria-hidden=\"true\" class=\"wp-block-cover__background has-black-background-color has-background-dim-0 has-background-dim\"><\/span><video class=\"wp-block-cover__video-background intrinsic-ignore\" autoplay muted loop playsinline src=\"https:\/\/www.altfett-lesch.de\/wp-content\/uploads\/2020\/10\/04_Firma_V02_2020_10_07_1.mp4\" data-object-fit=\"cover\"><\/video><div class=\"wp-block-cover__inner-container is-layout-flow wp-block-cover-is-layout-flow\">\n<h4 class=\"wp-block-heading has-white-color has-text-color\">Hakk\u0131m\u0131zda <\/h4>\n\n\n\n<h2 class=\"wp-block-heading has-white-color has-text-color\">S\u00fcrd\u00fcr\u00fclebilirlik ve yenilik<\/h2>\n<\/div><\/div>\n\n<div class=\"wp-block-columns is-layout-flex wp-container-core-columns-is-layout-9d6595d7 wp-block-columns-is-layout-flex\">\n<div class=\"wp-block-column is-layout-flow wp-block-column-is-layout-flow\" style=\"flex-basis:66.66%\">\n<h3 class=\"wp-block-heading\">Yenilik ve s\u00fcrd\u00fcr\u00fclebilirlik <br\/>, aile \u015firketimizin iki temel sorunudur. <\/h3>\n<\/div>\n\n\n\n<div class=\"wp-block-column is-layout-flow wp-block-column-is-layout-flow\" style=\"flex-basis:33.33%\"><\/div>\n<\/div>\n\n<div class=\"wp-block-columns is-layout-flex wp-container-core-columns-is-layout-9d6595d7 wp-block-columns-is-layout-flex\">\n<div class=\"wp-block-column is-layout-flow wp-block-column-is-layout-flow\" style=\"flex-basis:66.66%\">\n<h3 class=\"wp-block-heading\">Sadece geri d\u00f6n\u00fc\u015f\u00fcmde de\u011fil <br\/>, ayn\u0131 zamanda &#13;\ni\u015f d\u00fcnyas\u0131nda da s\u00fcrd\u00fcr\u00fclebilir.<\/h3>\n\n\n\n<ul class=\"wp-block-list\">\n<li>Bireysel ve esnek konseptler geli\u015ftiriyoruz.<\/li>\n\n\n\n<li>Modern \u00f6zel ara\u00e7lar ve \u00e7ok \u00e7e\u015fitli konteyner t\u00fcrleri kullanarak at\u0131klar\u0131 g\u00fcvenilir ve temiz bir \u015fekilde bertaraf ediyoruz.<\/li>\n\n\n\n<li>Modern, d\u00fc\u015f\u00fck emisyonlu bir nakliye filosuyla \u00e7evre dostu imha sa\u011fl\u0131yoruz.<\/li>\n\n\n\n<li>G\u00fc\u00e7l\u00fc ve sayg\u0131n ortaklar\u0131m\u0131zla birlikte her bertaraf sorununa bir \u00e7\u00f6z\u00fcm buluyoruz.<\/li>\n\n\n\n<li>Modern sistemlerle, verimli, \u00e7al\u0131\u015fan dostu i\u015f ak\u0131\u015flar\u0131yla \u00e7al\u0131\u015f\u0131yoruz.<\/li>\n\n\n\n<li>\u00c7al\u0131\u015fanlar\u0131m\u0131z d\u00fczenli e\u011fitim al\u0131yor ve do\u011frudan ileti\u015fim s\u00fcrd\u00fcr\u00fcyoruz. Bu, g\u00fcnl\u00fck operasyonlardaki i\u015f s\u00fcre\u00e7lerine ve ihtiya\u00e7lara ili\u015fkin \u00f6zel bir anlay\u0131\u015f yarat\u0131r.<\/li>\n<\/ul>\n\n\n\n<p>Toplanan bilgi birikimi \u015firkette tutulur ve m\u00fc\u015fterilerimiz i\u00e7in restoranlar, f\u0131r\u0131nlar, kasaplar\u0131n yan\u0131 s\u0131ra \u015fehirler ve belediyeler i\u00e7in koordineli \u00e7\u00f6z\u00fcmlere g\u00f6t\u00fcr\u00fcr.<\/p>\n<\/div>\n\n\n\n<div class=\"wp-block-column is-vertically-aligned-bottom is-layout-flow wp-block-column-is-layout-flow\" style=\"flex-basis:33.33%\">\n<h3 class=\"wp-block-heading highlight\">Sonu\u00e7: Onlarca y\u0131ll\u0131k hizmetin nadir olmad\u0131\u011f\u0131 dengeli bir \u00e7al\u0131\u015fma ortam\u0131.<\/h3>\n<\/div>\n<\/div>\n\n<div style=\"height:61px\" aria-hidden=\"true\" class=\"wp-block-spacer\"><\/div>\n\n<h2 class=\"wp-block-heading\">Ba\u015far\u0131n\u0131n anahtar\u0131 olarak inovasyon<\/h2>\n\n<div class=\"wp-block-columns is-layout-flex wp-container-core-columns-is-layout-9d6595d7 wp-block-columns-is-layout-flex\">\n<div class=\"wp-block-column is-layout-flow wp-block-column-is-layout-flow\">\n<figure class=\"wp-block-image size-large\"><img loading=\"lazy\" decoding=\"async\" width=\"1024\" height=\"693\" src=\"https:\/\/www.altfett-lesch.de\/wp-content\/uploads\/2020\/10\/image-1024x693.jpeg\" alt=\"\" class=\"wp-image-568\" srcset=\"https:\/\/www.altfett-lesch.de\/wp-content\/uploads\/2020\/10\/image-1024x693.jpeg 1024w, https:\/\/www.altfett-lesch.de\/wp-content\/uploads\/2020\/10\/image-300x203.jpeg 300w, https:\/\/www.altfett-lesch.de\/wp-content\/uploads\/2020\/10\/image-768x520.jpeg 768w, https:\/\/www.altfett-lesch.de\/wp-content\/uploads\/2020\/10\/image-1200x812.jpeg 1200w, https:\/\/www.altfett-lesch.de\/wp-content\/uploads\/2020\/10\/image-1400x947.jpeg 1400w, https:\/\/www.altfett-lesch.de\/wp-content\/uploads\/2020\/10\/image.jpeg 1447w\" sizes=\"auto, (max-width: 1024px) 100vw, 1024px\" \/><figcaption class=\"wp-element-caption\">1981: \u015eirket kurucusu Willi Lesch ve bug\u00fcn\u00fcn genel m\u00fcd\u00fcr\u00fc Heiko Lesch, \u015firket tarihindeki ilk kamyonun \u00f6n\u00fcnde.<\/figcaption><\/figure>\n<\/div>\n\n\n\n<div class=\"wp-block-column is-layout-flow wp-block-column-is-layout-flow\">\n<p>\u015eirketimizin kurucusu Willi Lesch, 1992 y\u0131l\u0131nda, kullan\u0131lm\u0131\u015f yemeklik ya\u011f\u0131n \u00e7evre dostu ve kimyasal i\u00e7ermeyen i\u015flenmesi i\u00e7in bir proses geli\u015ftiren pazardaki ilk \u015firket oldu\u011funda, yenilik\u00e7i g\u00fcc\u00fcn\u00fc \u00e7oktan g\u00f6stermi\u015ftir.<\/p>\n\n\n\n<p>Sekt\u00f6rdeki bir di\u011fer yenilik de 1998&#8217;deki LGA \u00f6d\u00fcl\u00fcyd\u00fc: Kullan\u0131lm\u0131\u015f ya\u011flar ve k\u0131zartma ya\u011flar\u0131 i\u00e7in sertifikal\u0131 at\u0131k y\u00f6netimi \u015firketi haline gelen sekt\u00f6rdeki ilk \u015firket olduk.&#13;\n<\/p>\n\n\n\n<p>2010 y\u0131l\u0131nda Alman s\u0131n\u0131rlar\u0131n\u0131 a\u015fan ad\u0131m ba\u015far\u0131l\u0131 oldu: Austria GmbH&#8217;de AFRA Altfettrecycling&#8217;in kurulmas\u0131yla art\u0131k Vorarlberg, Tirol ve Salzburger Land&#8217;de de bertaraf edilecek.<\/p>\n<\/div>\n<\/div>\n\n<div style=\"height:20px\" aria-hidden=\"true\" class=\"wp-block-spacer\"><\/div>\n\n<div class=\"wp-block-columns is-layout-flex wp-container-core-columns-is-layout-9d6595d7 wp-block-columns-is-layout-flex\">\n<div class=\"wp-block-column is-layout-flow wp-block-column-is-layout-flow\">\n<p class=\"highlight\">Heiko Lesch, 2008&#8217;de \u015firketi devrald\u0131ktan sonra, yenilik devam ediyor: 2013&#8217;te toplu kaplar tamamen yeni ya\u011f kutusuna d\u00f6n\u00fc\u015ft\u00fcr\u00fcld\u00fc.<\/p>\n\n\n\n<p>Yeni toplama kaplar\u0131 ile yeni bir temizleme sistemi ve i\u015f ak\u0131\u015f\u0131ndaki \u00e7e\u015fitli de\u011fi\u015fiklikler hareket ediyor: Yeni toplama kaplar\u0131 i\u00e7in ara\u00e7lar kuruluyor ve \u00fcretimde \u00e7al\u0131\u015fan dostu yard\u0131mc\u0131 sistemler kuruluyor.<\/p>\n\n\n\n<p>Gres bertaraf\u0131 yaln\u0131zca \u00fcretimdeki s\u00fcr\u00fcc\u00fcler ve \u00e7al\u0131\u015fanlar i\u00e7in de\u011fil, ayn\u0131 zamanda yemek hizmeti sekt\u00f6r\u00fcndeki m\u00fc\u015fteriler i\u00e7in daha kolay, daha hijyenik ve daha temiz olacakt\u0131r.<\/p>\n<\/div>\n\n\n\n<div class=\"wp-block-column is-layout-flow wp-block-column-is-layout-flow\">\n<figure class=\"wp-block-image size-large\"><img loading=\"lazy\" decoding=\"async\" width=\"1024\" height=\"952\" src=\"https:\/\/www.altfett-lesch.de\/wp-content\/uploads\/2020\/09\/1_2_Lesch-1024x952-1.jpg\" alt=\"\" class=\"wp-image-443\" srcset=\"https:\/\/www.altfett-lesch.de\/wp-content\/uploads\/2020\/09\/1_2_Lesch-1024x952-1.jpg 1024w, https:\/\/www.altfett-lesch.de\/wp-content\/uploads\/2020\/09\/1_2_Lesch-1024x952-1-300x279.jpg 300w, https:\/\/www.altfett-lesch.de\/wp-content\/uploads\/2020\/09\/1_2_Lesch-1024x952-1-768x714.jpg 768w\" sizes=\"auto, (max-width: 1024px) 100vw, 1024px\" \/><figcaption class=\"wp-element-caption\">Lesch&#8217;de 2013&#8217;ten beri kullan\u0131l\u0131yor: <br\/> Catering ticareti i\u00e7in FETTBOX.&#13;\n<\/figcaption><\/figure>\n<\/div>\n<\/div>\n\n<div style=\"height:20px\" aria-hidden=\"true\" class=\"wp-block-spacer\"><\/div>\n\n<div class=\"wp-block-columns is-layout-flex wp-container-core-columns-is-layout-9d6595d7 wp-block-columns-is-layout-flex\">\n<div class=\"wp-block-column is-layout-flow wp-block-column-is-layout-flow\">\n<figure class=\"wp-block-image size-large\"><img loading=\"lazy\" decoding=\"async\" width=\"1024\" height=\"600\" src=\"https:\/\/www.altfett-lesch.de\/wp-content\/uploads\/2020\/09\/jtz_web_v02-1024x600.jpg\" alt=\"\" class=\"wp-image-488\" srcset=\"https:\/\/www.altfett-lesch.de\/wp-content\/uploads\/2020\/09\/jtz_web_v02-1024x600.jpg 1024w, https:\/\/www.altfett-lesch.de\/wp-content\/uploads\/2020\/09\/jtz_web_v02-300x176.jpg 300w, https:\/\/www.altfett-lesch.de\/wp-content\/uploads\/2020\/09\/jtz_web_v02-768x450.jpg 768w, https:\/\/www.altfett-lesch.de\/wp-content\/uploads\/2020\/09\/jtz_web_v02-1536x900.jpg 1536w, https:\/\/www.altfett-lesch.de\/wp-content\/uploads\/2020\/09\/jtz_web_v02-1200x703.jpg 1200w, https:\/\/www.altfett-lesch.de\/wp-content\/uploads\/2020\/09\/jtz_web_v02-1400x820.jpg 1400w, https:\/\/www.altfett-lesch.de\/wp-content\/uploads\/2020\/09\/jtz_web_v02.jpg 1702w\" sizes=\"auto, (max-width: 1024px) 100vw, 1024px\" \/><\/figure>\n<\/div>\n\n\n\n<div class=\"wp-block-column is-layout-flow wp-block-column-is-layout-flow\">\n<p>2017&#8217;deki 25. geri d\u00f6n\u00fc\u015f\u00fcm y\u0131ld\u00f6n\u00fcm\u00fcn\u00fcn ard\u0131ndan, 2018&#8217;de evlerde kullan\u0131lm\u0131\u015f yemeklik ya\u011flar\u0131n toplanmas\u0131 i\u00e7in ayr\u0131 bir toplama, bertaraf ve temizleme sistemi kurulacakt\u0131r: &#8220;Her damla \u00f6nemlidir&#8221; pilot projesi At\u0131k Bazl\u0131 KOB\u0130 Derne\u011fi taraf\u0131ndan desteklenmektedir. Yak\u0131tlar MVaK ve Deutsche Bundesstiftung Umwelt DBU . <\/p>\n\n\n\n<p>Pilot projenin ba\u015far\u0131yla tamamlanmas\u0131n\u0131n ard\u0131ndan \u201cHer Damla \u00d6nemlidir\u201d 2020 y\u0131l\u0131nda kendi \u015firketine devredilecek. 1,2 litrelik toplama kaplar\u0131n\u0131n temizlenmesi i\u00e7in yeni bir sistem kurulacak. <strong>\u015eu anda<\/strong> a\u015fa\u011f\u0131daki il\u00e7e ve belediyelerde 615.000&#8217;den fazla vatanda\u015f halihaz\u0131rda toplama sistemimize entegre edilmi\u015ftir: Roth ve Hohenlohe b\u00f6lgelerinin yan\u0131 s\u0131ra genel olarak F\u00fcrth, Erlangen ve Wei\u00dfenburg \u015fehirleri, di\u011fer bir\u00e7ok b\u00f6lgede pilot koleksiyonlar ve \u015eehirler ana sayfam\u0131zda bulunabilir: <a href=\"https:\/\/jedertropzaehlt.de\/standorte\/\">https:\/\/jedertropzaehlt.de\/sites\/<\/a><\/p>\n<\/div>\n<\/div>\n\n<div style=\"height:20px\" aria-hidden=\"true\" class=\"wp-block-spacer\"><\/div>\n\n<div class=\"wp-block-columns is-layout-flex wp-container-core-columns-is-layout-9d6595d7 wp-block-columns-is-layout-flex\">\n<div class=\"wp-block-column is-layout-flow wp-block-column-is-layout-flow\">\n<p>2019 y\u0131l\u0131, hareketle damgas\u0131n\u0131 vurdu: Y\u00f6netim, eski, \u00e7ok k\u00fc\u00e7\u00fck ofis alan\u0131ndan, s\u00fcrd\u00fcr\u00fclebilir yap\u0131 malzemelerinden yap\u0131lm\u0131\u015f, son teknoloji \u00fcr\u00fcn\u00fc, iklime duyarl\u0131 bir ofis kompleksine ge\u00e7iyor. Ayn\u0131 zamanda, g\u00fcney Almanya&#8217;dan yakla\u015f\u0131k 25.000 m\u00fc\u015fteriye hizmet verilen 35 kamyon i\u00e7in yeni tesislerde yer a\u00e7\u0131lacak.<\/p>\n<\/div>\n\n\n\n<div class=\"wp-block-column is-layout-flow wp-block-column-is-layout-flow\">\n<figure class=\"wp-block-image size-large\"><img loading=\"lazy\" decoding=\"async\" width=\"1024\" height=\"576\" src=\"https:\/\/www.altfett-lesch.de\/wp-content\/uploads\/2020\/09\/DSCF2246-bearbeitet-wolken-1024x576.jpg\" alt=\"\" class=\"wp-image-444\" srcset=\"https:\/\/www.altfett-lesch.de\/wp-content\/uploads\/2020\/09\/DSCF2246-bearbeitet-wolken-1024x576.jpg 1024w, https:\/\/www.altfett-lesch.de\/wp-content\/uploads\/2020\/09\/DSCF2246-bearbeitet-wolken-300x169.jpg 300w, https:\/\/www.altfett-lesch.de\/wp-content\/uploads\/2020\/09\/DSCF2246-bearbeitet-wolken-768x432.jpg 768w, https:\/\/www.altfett-lesch.de\/wp-content\/uploads\/2020\/09\/DSCF2246-bearbeitet-wolken.jpg 1200w\" sizes=\"auto, (max-width: 1024px) 100vw, 1024px\" \/><figcaption class=\"wp-element-caption\">2019: Modernle\u015ftirilmi\u015f ara\u00e7 filosu ve y\u00f6netim i\u00e7in yeni ofis kompleksi.<\/figcaption><\/figure>\n<\/div>\n<\/div>\n\n<h3 class=\"wp-block-heading has-text-align-center\">S\u00fcrekli yap\u0131sal geni\u015fletmeler, d\u00f6n\u00fc\u015f\u00fcmler ve yenilikler, yakla\u015f\u0131k 90 \u00e7al\u0131\u015fan\u0131m\u0131z i\u00e7in optimum ve modern bir \u00e7al\u0131\u015fma ortam\u0131 sa\u011flar ve \u015firketimizin b\u00fcy\u00fcmesi ve pazardaki ba\u015far\u0131m\u0131z i\u00e7in \u00f6nemli bir yap\u0131 ta\u015f\u0131d\u0131r.&#13;\n<\/h3>\n\n<div style=\"height:20px\" aria-hidden=\"true\" class=\"wp-block-spacer\"><\/div>\n\n<div class=\"wp-block-columns is-layout-flex wp-container-core-columns-is-layout-9d6595d7 wp-block-columns-is-layout-flex\">\n<div class=\"wp-block-column is-vertically-aligned-center is-layout-flow wp-block-column-is-layout-flow\">\n<figure class=\"wp-block-image size-large\"><img loading=\"lazy\" decoding=\"async\" width=\"670\" height=\"597\" src=\"https:\/\/www.altfett-lesch.de\/wp-content\/uploads\/2020\/10\/recycling-fettbox.jpg\" alt=\"\" class=\"wp-image-835\" srcset=\"https:\/\/www.altfett-lesch.de\/wp-content\/uploads\/2020\/10\/recycling-fettbox.jpg 670w, https:\/\/www.altfett-lesch.de\/wp-content\/uploads\/2020\/10\/recycling-fettbox-300x267.jpg 300w\" sizes=\"auto, (max-width: 670px) 100vw, 670px\" \/><\/figure>\n<\/div>\n\n\n\n<div class=\"wp-block-column is-vertically-aligned-center is-layout-flow wp-block-column-is-layout-flow\">\n<h3 class=\"wp-block-heading\">Neu:<br\/>70% geri d\u00f6n\u00fc\u015ft\u00fcr\u00fclm\u00fc\u015f malzeme<br\/>100% s\u00fcrd\u00fcr\u00fclebilir!<\/h3>\n\n\n\n<p>Yeni geri d\u00f6n\u00fc\u015f\u00fcm ya\u011f kutumuzla, kullan\u0131lm\u0131\u015f yemeklik ya\u011flar\u0131n toplanmas\u0131 daha da s\u00fcrd\u00fcr\u00fclebilir.<\/p>\n\n\n\n<p>Gelecekte, toplama kaplar\u0131m\u0131z eski ya\u011f kutular\u0131ndan% 70&#8217;e kadar geri d\u00f6n\u00fc\u015ft\u00fcr\u00fclm\u00fc\u015f malzemelerden olu\u015facak.<\/p>\n<\/div>\n<\/div>\n\n<div class=\"wp-block-columns is-layout-flex wp-container-core-columns-is-layout-9d6595d7 wp-block-columns-is-layout-flex\">\n<div class=\"wp-block-column is-vertically-aligned-center is-layout-flow wp-block-column-is-layout-flow\">\n<h3 class=\"wp-block-heading\">Yeni: At\u0131k ya\u011flar\u0131n imhas\u0131 ve geri d\u00f6n\u00fc\u015f\u00fcm\u00fc i\u00e7in enerji konsepti Lesch<\/h3>\n\n\n\n<p><strong>Do\u011fu Bavyera Teknik \u00dcniversitesi Amberg-Weiden Enerji Teknolojisi Enstit\u00fcs\u00fc IfE GmbH ile i\u015fbirli\u011fi i\u00e7inde, at\u0131k ya\u011f imhas\u0131 ve geri d\u00f6n\u00fc\u015f\u00fcm\u00fc Lesch GmbH &amp; Co. KG bir enerji konseptidir. Burada \u00e7e\u015fitli enerji t\u00fcketicileri analiz edildi ve optimize edildi. Proje, Bavyera Eyaleti Ekonomik \u0130\u015fler, B\u00f6lgesel Kalk\u0131nma ve Enerji Bakanl\u0131\u011f\u0131 taraf\u0131ndan finanse edildi.<\/strong><\/p>\n\n\n\n<p>Lesch \u015firketinin mevcut enerji durumu, mevcut enerji tedarik yap\u0131s\u0131n\u0131n kapsaml\u0131 bir enerji envanterinde analiz edildi. Mevcut \u00e7e\u015fitli \u00f6l\u00e7\u00fcm ve kay\u0131tlar\u0131n yan\u0131 s\u0131ra sahada ger\u00e7ekle\u015ftirilen \u00f6l\u00e7\u00fcmler esas al\u0131nm\u0131\u015ft\u0131r.<\/p>\n\n\n\n<p>Mevcut enerji durumu, enerji tedariki kavramlar\u0131n\u0131 ve enerji verimlili\u011fini art\u0131rma potansiyelini incelemenin temelini olu\u015fturur. CHP sistemi alan\u0131 ve \u00fcretim salonlar\u0131n\u0131n ayd\u0131nlat\u0131lmas\u0131n\u0131n yan\u0131 s\u0131ra enerji tedarik \u00e7\u00f6z\u00fcmleri (\u00f6rn. PV sistemleri) de dahil olmak \u00fczere \u00e7e\u015fitli optimizasyon se\u00e7enekleri, maliyet etkinliklerini belirlemek i\u00e7in bir hesaplaman\u0131n par\u00e7as\u0131 olarak incelendi. Ekonomik analize ek olarak, dikkate al\u0131nan de\u011fi\u015fkenlerin s\u00fcrd\u00fcr\u00fclebilirli\u011fi, bireysel senaryolar\u0131n CO2 emisyonlar\u0131na ili\u015fkin bir ekolojik de\u011ferlendirme kullan\u0131larak incelenmi\u015ftir.<\/p>\n<\/div>\n<\/div>\n\n<div style=\"height:100px\" aria-hidden=\"true\" class=\"wp-block-spacer\"><\/div>\n\n<div class=\"wp-block-group alignfull zertifizierungen\"><div class=\"wp-block-group__inner-container is-layout-flow wp-block-group-is-layout-flow\">\n<div class=\"wp-block-columns is-layout-flex wp-container-core-columns-is-layout-9d6595d7 wp-block-columns-is-layout-flex\">\n<div class=\"wp-block-column is-layout-flow wp-block-column-is-layout-flow\">\n<p>Zertifizierungen:<\/p>\n\n\n\n<div class=\"wp-block-columns is-layout-flex wp-container-core-columns-is-layout-9d6595d7 wp-block-columns-is-layout-flex\">\n<div class=\"wp-block-column is-layout-flow wp-block-column-is-layout-flow\">\n<div style=\"height:20px\" aria-hidden=\"true\" class=\"wp-block-spacer\"><\/div>\n\n\n\n<figure class=\"wp-block-image size-full\"><img loading=\"lazy\" decoding=\"async\" width=\"251\" height=\"46\" src=\"https:\/\/www.altfett-lesch.de\/wp-content\/uploads\/2020\/10\/logo_address.png\" alt=\"\" class=\"wp-image-628\"\/><figcaption><strong>Entsorgungsfachbetrieb<br><\/strong>Anerkannt f\u00fcr: Einsammeln, Bef\u00f6rdern, Lagern, Behandeln, Verwerten<br>ZKRW 00040\/98E<\/figcaption><\/figure>\n<\/div>\n\n\n\n<div class=\"wp-block-column is-layout-flow wp-block-column-is-layout-flow\">\n<div class=\"wp-block-image\"><figure class=\"alignleft size-large\"><img loading=\"lazy\" decoding=\"async\" width=\"350\" height=\"210\" src=\"https:\/\/www.altfett-lesch.de\/wp-content\/uploads\/2020\/10\/redcert-logo.jpg\" alt=\"\" class=\"wp-image-676\" srcset=\"https:\/\/www.altfett-lesch.de\/wp-content\/uploads\/2020\/10\/redcert-logo.jpg 350w, https:\/\/www.altfett-lesch.de\/wp-content\/uploads\/2020\/10\/redcert-logo-300x180.jpg 300w\" sizes=\"auto, (max-width: 350px) 100vw, 350px\" \/><\/figure><\/div>\n<\/div>\n<\/div>\n<\/div>\n\n\n\n<div class=\"wp-block-column is-layout-flow wp-block-column-is-layout-flow\">\n<p>Mitgliedschaften:<\/p>\n\n\n\n<div class=\"wp-block-columns is-layout-flex wp-container-core-columns-is-layout-9d6595d7 wp-block-columns-is-layout-flex\">\n<div class=\"wp-block-column is-layout-flow wp-block-column-is-layout-flow\">\n<figure class=\"wp-block-image size-large is-resized\"><a href=\"https:\/\/www.mvak.eu\"><img decoding=\"async\" src=\"https:\/\/www.altfett-lesch.de\/wp-content\/uploads\/2020\/10\/MVaK-Logo_CMYK_20200909-1-3.svg\" alt=\"\" class=\"wp-image-635\" width=\"200\"\/><\/a><\/figure>\n\n\n\n<div class=\"wp-block-image\"><figure class=\"alignleft size-large\"><a href=\"https:\/\/www.vbs-ev.bayern\/home\"><img loading=\"lazy\" decoding=\"async\" width=\"205\" height=\"140\" src=\"https:\/\/www.altfett-lesch.de\/wp-content\/uploads\/2020\/10\/vbs_logo-1.png\" alt=\"\" class=\"wp-image-722\"\/><\/a><\/figure><\/div>\n<\/div>\n\n\n\n<div class=\"wp-block-column is-layout-flow wp-block-column-is-layout-flow\">\n<figure class=\"wp-block-image size-large\"><a href=\"https:\/\/www.altfett-lesch.de\/wp-content\/uploads\/2021\/04\/Urkunde-Umweltpakt-Bayern.pdf\" target=\"_blank\" rel=\"noopener\"><img loading=\"lazy\" decoding=\"async\" width=\"163\" height=\"175\" src=\"https:\/\/www.altfett-lesch.de\/wp-content\/uploads\/2020\/10\/umweltpakt_logo-1.png\" alt=\"\" class=\"wp-image-720\"\/><\/a><\/figure>\n<\/div>\n<\/div>\n<\/div>\n<\/div>\n<\/div><\/div>\n","protected":false},"excerpt":{"rendered":"<p>Yenilik ve s\u00fcrd\u00fcr\u00fclebilirlik , aile \u015firketimizin iki temel sorunudur. Sadece geri d\u00f6n\u00fc\u015f\u00fcmde de\u011fil , ayn\u0131 zamanda &#13; i\u015f d\u00fcnyas\u0131nda da s\u00fcrd\u00fcr\u00fclebilir. Toplanan bilgi birikimi \u015firkette tutulur ve m\u00fc\u015fterilerimiz i\u00e7in restoranlar, f\u0131r\u0131nlar, kasaplar\u0131n yan\u0131 s\u0131ra \u015fehirler ve belediyeler i\u00e7in koordineli \u00e7\u00f6z\u00fcmlere g\u00f6t\u00fcr\u00fcr. Sonu\u00e7: Onlarca y\u0131ll\u0131k hizmetin nadir olmad\u0131\u011f\u0131 dengeli bir \u00e7al\u0131\u015fma ortam\u0131. Ba\u015far\u0131n\u0131n anahtar\u0131 olarak inovasyon &hellip;<\/p>\n","protected":false},"author":1,"featured_media":0,"parent":0,"menu_order":0,"comment_status":"closed","ping_status":"closed","template":"","meta":{"inline_featured_image":false,"advgb_blocks_editor_width":"","advgb_blocks_columns_visual_guide":"","footnotes":""},"class_list":["post-1598","page","type-page","status-publish","hentry","post","without-featured-image"],"featured_image_src":null,"featured_image_src_square":null,"coauthors":[],"author_meta":{"author_link":"https:\/\/www.altfett-lesch.de\/tr\/author\/altfettleschadmin\/","display_name":"Altfett Lesch"},"relative_dates":{"created":"Posted 5 y\u0131l ago","modified":"Updated 2 y\u0131l ago"},"absolute_dates":{"created":"Posted on 1 Mart 2021","modified":"Updated on 19 Eyl\u00fcl 2024"},"absolute_dates_time":{"created":"Posted on 1 Mart 2021 15:14","modified":"Updated on 19 Eyl\u00fcl 2024 07:52"},"featured_img_caption":"","featured_img":false,"series_order":"","_links":{"self":[{"href":"https:\/\/www.altfett-lesch.de\/tr\/wp-json\/wp\/v2\/pages\/1598","targetHints":{"allow":["GET"]}}],"collection":[{"href":"https:\/\/www.altfett-lesch.de\/tr\/wp-json\/wp\/v2\/pages"}],"about":[{"href":"https:\/\/www.altfett-lesch.de\/tr\/wp-json\/wp\/v2\/types\/page"}],"author":[{"embeddable":true,"href":"https:\/\/www.altfett-lesch.de\/tr\/wp-json\/wp\/v2\/users\/1"}],"replies":[{"embeddable":true,"href":"https:\/\/www.altfett-lesch.de\/tr\/wp-json\/wp\/v2\/comments?post=1598"}],"version-history":[{"count":3,"href":"https:\/\/www.altfett-lesch.de\/tr\/wp-json\/wp\/v2\/pages\/1598\/revisions"}],"predecessor-version":[{"id":5675,"href":"https:\/\/www.altfett-lesch.de\/tr\/wp-json\/wp\/v2\/pages\/1598\/revisions\/5675"}],"wp:attachment":[{"href":"https:\/\/www.altfett-lesch.de\/tr\/wp-json\/wp\/v2\/media?parent=1598"}],"curies":[{"name":"wp","href":"https:\/\/api.w.org\/{rel}","templated":true}]}}