{"id":1568,"date":"2021-03-01T15:01:00","date_gmt":"2021-03-01T14:01:00","guid":{"rendered":"https:\/\/altfettrecycling.de\/is-teklifleri\/"},"modified":"2021-03-01T15:01:01","modified_gmt":"2021-03-01T14:01:01","slug":"is-teklifleri","status":"publish","type":"page","link":"https:\/\/www.altfett-lesch.de\/tr\/is-teklifleri\/","title":{"rendered":"\u0130\u015f teklifleri"},"content":{"rendered":"\n<div class=\"wp-block-cover alignfull\" style=\"min-height:650px;aspect-ratio:unset;\"><video class=\"wp-block-cover__video-background\" autoplay muted loop playsinline src=\"https:\/\/www.altfett-lesch.de\/wp-content\/uploads\/2020\/10\/04_Firma_Stellenangebote_V03_2.mp4\" style=\"object-position:58% 50%\"><\/video><div class=\"wp-block-cover__inner-container is-layout-flow wp-block-cover-is-layout-flow\">\n<h4 class=\"wp-block-heading\">\u0130\u015f teklifleri<\/h4>\n\n\n\n<h2 class=\"wp-block-heading\">Gelecekteki geri d\u00f6n\u00fc\u015f\u00fcm alan\u0131nda \u00e7al\u0131\u015fmak<\/h2>\n<\/div><\/div>\n\n<div style=\"height:50px\" aria-hidden=\"true\" class=\"wp-block-spacer\"><\/div>\n\n<h4 class=\"wp-block-heading\">Gelecekteki geri d\u00f6n\u00fc\u015f\u00fcm alan\u0131nda \u00e7al\u0131\u015fmak<\/h4>\n\n<p><\/p>\n\n<div class=\"wp-block-columns is-layout-flex wp-container-core-columns-is-layout-9d6595d7 wp-block-columns-is-layout-flex\">\n<div class=\"wp-block-column is-layout-flow wp-block-column-is-layout-flow\">\n<p>Gelecekte de kalite standartlar\u0131m\u0131z\u0131 sa\u011flamak i\u00e7in \u00e7al\u0131\u015fanlar\u0131m\u0131z\u0131 se\u00e7erken y\u00fcksek standartlar belirleriz. Devam eden ileri e\u011fitim (T\u00dcV e\u011fitimi ve s\u00fcr\u00fcc\u00fc talimatlar\u0131 gibi) bu nedenle en y\u00fcksek \u00f6nceli\u011fe sahiptir.<\/p>\n\n\n\n<p>Onlarca y\u0131ll\u0131k hizmet bizim i\u00e7in al\u0131\u015f\u0131lmad\u0131k bir durum de\u011fil. Bir i\u015fveren olarak, s\u00fcrekli olarak do\u011frudan ileti\u015fime, \u00e7e\u015fitli g\u00f6revlere ve de\u011fer odakl\u0131 bir kurumsal k\u00fclt\u00fcre g\u00fcveniyoruz.<\/p>\n\n\n\n<p>Ek olarak, Thalm\u00e4ssing lokasyonunda modern bir ofis ortam\u0131 ve son teknoloji \u00fcr\u00fcn\u00fc olan hijyenik ve temiz bir \u00fcretim s\u00fcreci sunuyoruz.<\/p>\n\n\n\n<p><strong>Sonu\u00e7: olumlu bir \u00e7al\u0131\u015fma atmosferi ve \u015firket ile \u00f6zde\u015fle\u015fen ve en iyi performans g\u00f6steren \u00e7al\u0131\u015fanlar.<\/strong><\/p>\n<\/div>\n\n\n\n<div class=\"wp-block-column is-layout-flow wp-block-column-is-layout-flow\"><section class=\"job-listing row clearfix\" aria-label=\"Job listings\"><div class=\"column medium-12 col-md-12\" role=\"list\"><article class=\"job-preview clearfix\" role=\"article\" aria-labelledby=\"job-title-8071\"><div class=\"job-content\"><h5><a href=\"https:\/\/www.altfett-lesch.de\/tr\/job\/kraftfahrer-fuer-die-sammlung-altspeisefett-m-w-d-als-springer-im-sueddeutschen-raum\/\" id=\"job-title-8071\" target=\"_self\"><span>Kraftfahrer f\u00fcr die Sammlung Altspeisefett (m\/w\/d) als Springer<\/span><\/a><\/h5><div class=\"job-additional-information\" aria-label=\"Additional job information\"><span>Thalm\u00e4ssing<\/span><span class=\"job-preview-details-separator\">, <span><span>Full-time<\/span><\/div><\/div><div class=\"job-cta\"><a href=\"https:\/\/www.altfett-lesch.de\/tr\/job\/kraftfahrer-fuer-die-sammlung-altspeisefett-m-w-d-als-springer-im-sueddeutschen-raum\/\" target=\"_self\" class=\"apply-btn local\" aria-label=\"View job: Kraftfahrer f\u00fcr die Sammlung Altspeisefett (m\/w\/d) als Springer\">View<\/a><\/div><\/article><article class=\"job-preview clearfix\" role=\"article\" aria-labelledby=\"job-title-8017\"><div class=\"job-content\"><h5><a href=\"https:\/\/www.altfett-lesch.de\/tr\/job\/sachbearbeiter_backoffice-m-w-d\/\" id=\"job-title-8017\" target=\"_self\"><span>Kaufm\u00e4nnischer Sachbearbeiter Backoffice (m\/w\/d)<\/span><\/a><\/h5><div class=\"job-additional-information\" aria-label=\"Additional job information\"><span>Thalm\u00e4ssing<\/span><span class=\"job-preview-details-separator\">, <span><span>Full-time<\/span><\/div><\/div><div class=\"job-cta\"><a href=\"https:\/\/www.altfett-lesch.de\/tr\/job\/sachbearbeiter_backoffice-m-w-d\/\" target=\"_self\" class=\"apply-btn local\" aria-label=\"View job: Kaufm\u00e4nnischer Sachbearbeiter Backoffice (m\/w\/d)\">View<\/a><\/div><\/article><article class=\"job-preview clearfix\" role=\"article\" aria-labelledby=\"job-title-7962\"><div class=\"job-content\"><h5><a href=\"https:\/\/www.altfett-lesch.de\/tr\/job\/kraftfahrer-fuer-die-sammlung-altspeisefett-m-w-d-im-sueddeutschen-raum\/\" id=\"job-title-7962\" target=\"_self\"><span>Kraftfahrer f\u00fcr die Sammlung Altspeisefett (m\/w\/d) im S\u00fcddeutschen Raum<\/span><\/a><\/h5><div class=\"job-additional-information\" aria-label=\"Additional job information\"><span>Thalm\u00e4ssing<\/span><span class=\"job-preview-details-separator\">, <span><span>Full-time<\/span><\/div><\/div><div class=\"job-cta\"><a href=\"https:\/\/www.altfett-lesch.de\/tr\/job\/kraftfahrer-fuer-die-sammlung-altspeisefett-m-w-d-im-sueddeutschen-raum\/\" target=\"_self\" class=\"apply-btn local\" aria-label=\"View job: Kraftfahrer f\u00fcr die Sammlung Altspeisefett (m\/w\/d) im S\u00fcddeutschen Raum\">View<\/a><\/div><\/article><article class=\"job-preview clearfix\" role=\"article\" aria-labelledby=\"job-title-7580\"><div class=\"job-content\"><h5><a href=\"https:\/\/www.altfett-lesch.de\/tr\/job\/kraftfahrer-sammlung-bioabfaelle\/\" id=\"job-title-7580\" target=\"_self\"><span>Kraftfahrer f\u00fcr die Sammlung von Bioabf\u00e4llen im Gro\u00dfraum N\u00fcrnberg (m\/w\/d)<\/span><\/a><\/h5><div class=\"job-additional-information\" aria-label=\"Additional job information\"><span>Thalm\u00e4ssing<\/span><\/div><\/div><div class=\"job-cta\"><a href=\"https:\/\/www.altfett-lesch.de\/tr\/job\/kraftfahrer-sammlung-bioabfaelle\/\" target=\"_self\" class=\"apply-btn local\" aria-label=\"View job: Kraftfahrer f\u00fcr die Sammlung von Bioabf\u00e4llen im Gro\u00dfraum N\u00fcrnberg (m\/w\/d)\">View<\/a><\/div><\/article><\/div><\/section>\n<\/div>\n<\/div>\n\n<div style=\"height:100px\" aria-hidden=\"true\" class=\"wp-block-spacer\"><\/div>\n\n<div class=\"wp-block-group alignfull zertifizierungen\"><div class=\"wp-block-group__inner-container is-layout-flow wp-block-group-is-layout-flow\">\n<div class=\"wp-block-columns is-layout-flex wp-container-core-columns-is-layout-9d6595d7 wp-block-columns-is-layout-flex\">\n<div class=\"wp-block-column is-layout-flow wp-block-column-is-layout-flow\">\n<p>Zertifizierungen:<\/p>\n\n\n\n<div class=\"wp-block-columns is-layout-flex wp-container-core-columns-is-layout-9d6595d7 wp-block-columns-is-layout-flex\">\n<div class=\"wp-block-column is-layout-flow wp-block-column-is-layout-flow\">\n<div style=\"height:20px\" aria-hidden=\"true\" class=\"wp-block-spacer\"><\/div>\n\n\n\n<figure class=\"wp-block-image size-full\"><img loading=\"lazy\" decoding=\"async\" width=\"251\" height=\"46\" src=\"https:\/\/www.altfett-lesch.de\/wp-content\/uploads\/2020\/10\/logo_address.png\" alt=\"\" class=\"wp-image-628\"\/><figcaption><strong>Entsorgungsfachbetrieb<br><\/strong>Anerkannt f\u00fcr: Einsammeln, Bef\u00f6rdern, Lagern, Behandeln, Verwerten<br>ZKRW 00040\/98E<\/figcaption><\/figure>\n<\/div>\n\n\n\n<div class=\"wp-block-column is-layout-flow wp-block-column-is-layout-flow\">\n<div class=\"wp-block-image\"><figure class=\"alignleft size-large\"><img loading=\"lazy\" decoding=\"async\" width=\"350\" height=\"210\" src=\"https:\/\/www.altfett-lesch.de\/wp-content\/uploads\/2020\/10\/redcert-logo.jpg\" alt=\"\" class=\"wp-image-676\" srcset=\"https:\/\/www.altfett-lesch.de\/wp-content\/uploads\/2020\/10\/redcert-logo.jpg 350w, https:\/\/www.altfett-lesch.de\/wp-content\/uploads\/2020\/10\/redcert-logo-300x180.jpg 300w\" sizes=\"auto, (max-width: 350px) 100vw, 350px\" \/><\/figure><\/div>\n<\/div>\n<\/div>\n<\/div>\n\n\n\n<div class=\"wp-block-column is-layout-flow wp-block-column-is-layout-flow\">\n<p>Mitgliedschaften:<\/p>\n\n\n\n<div class=\"wp-block-columns is-layout-flex wp-container-core-columns-is-layout-9d6595d7 wp-block-columns-is-layout-flex\">\n<div class=\"wp-block-column is-layout-flow wp-block-column-is-layout-flow\">\n<figure class=\"wp-block-image size-large is-resized\"><a href=\"https:\/\/www.mvak.eu\"><img decoding=\"async\" src=\"https:\/\/www.altfett-lesch.de\/wp-content\/uploads\/2020\/10\/MVaK-Logo_CMYK_20200909-1-3.svg\" alt=\"\" class=\"wp-image-635\" width=\"200\"\/><\/a><\/figure>\n\n\n\n<div class=\"wp-block-image\"><figure class=\"alignleft size-large\"><a href=\"https:\/\/www.vbs-ev.bayern\/home\"><img loading=\"lazy\" decoding=\"async\" width=\"205\" height=\"140\" src=\"https:\/\/www.altfett-lesch.de\/wp-content\/uploads\/2020\/10\/vbs_logo-1.png\" alt=\"\" class=\"wp-image-722\"\/><\/a><\/figure><\/div>\n<\/div>\n\n\n\n<div class=\"wp-block-column is-layout-flow wp-block-column-is-layout-flow\">\n<figure class=\"wp-block-image size-large\"><a href=\"https:\/\/www.altfett-lesch.de\/wp-content\/uploads\/2021\/04\/Urkunde-Umweltpakt-Bayern.pdf\" target=\"_blank\" rel=\"noopener\"><img loading=\"lazy\" decoding=\"async\" width=\"163\" height=\"175\" src=\"https:\/\/www.altfett-lesch.de\/wp-content\/uploads\/2020\/10\/umweltpakt_logo-1.png\" alt=\"\" class=\"wp-image-720\"\/><\/a><\/figure>\n<\/div>\n<\/div>\n<\/div>\n<\/div>\n<\/div><\/div>\n","protected":false},"excerpt":{"rendered":"<p>Gelecekteki geri d\u00f6n\u00fc\u015f\u00fcm alan\u0131nda \u00e7al\u0131\u015fmak Gelecekte de kalite standartlar\u0131m\u0131z\u0131 sa\u011flamak i\u00e7in \u00e7al\u0131\u015fanlar\u0131m\u0131z\u0131 se\u00e7erken y\u00fcksek standartlar belirleriz. Devam eden ileri e\u011fitim (T\u00dcV e\u011fitimi ve s\u00fcr\u00fcc\u00fc talimatlar\u0131 gibi) bu nedenle en y\u00fcksek \u00f6nceli\u011fe sahiptir. Onlarca y\u0131ll\u0131k hizmet bizim i\u00e7in al\u0131\u015f\u0131lmad\u0131k bir durum de\u011fil. Bir i\u015fveren olarak, s\u00fcrekli olarak do\u011frudan ileti\u015fime, \u00e7e\u015fitli g\u00f6revlere ve de\u011fer odakl\u0131 bir kurumsal &hellip;<\/p>\n","protected":false},"author":1,"featured_media":0,"parent":0,"menu_order":0,"comment_status":"closed","ping_status":"closed","template":"","meta":{"inline_featured_image":false,"advgb_blocks_editor_width":"","advgb_blocks_columns_visual_guide":"","footnotes":""},"class_list":["post-1568","page","type-page","status-publish","hentry","post","with-featured-image"],"featured_image_src":null,"featured_image_src_square":null,"coauthors":[],"author_meta":{"author_link":"https:\/\/www.altfett-lesch.de\/tr\/author\/altfettleschadmin\/","display_name":"Altfett Lesch"},"relative_dates":{"created":"G\u00f6nderildi 5 y\u0131l \u00f6nce","modified":"G\u00fcncellendi 5 y\u0131l \u00f6nce"},"absolute_dates":{"created":"G\u00f6nderildi 1 Mart 2021","modified":"G\u00fcncellendi 1 Mart 2021"},"absolute_dates_time":{"created":"G\u00f6nderildi 1 Mart 2021 15:01","modified":"G\u00fcncellendi 1 Mart 2021 15:01"},"featured_img_caption":"","featured_img":false,"series_order":"","_links":{"self":[{"href":"https:\/\/www.altfett-lesch.de\/tr\/wp-json\/wp\/v2\/pages\/1568","targetHints":{"allow":["GET"]}}],"collection":[{"href":"https:\/\/www.altfett-lesch.de\/tr\/wp-json\/wp\/v2\/pages"}],"about":[{"href":"https:\/\/www.altfett-lesch.de\/tr\/wp-json\/wp\/v2\/types\/page"}],"author":[{"embeddable":true,"href":"https:\/\/www.altfett-lesch.de\/tr\/wp-json\/wp\/v2\/users\/1"}],"replies":[{"embeddable":true,"href":"https:\/\/www.altfett-lesch.de\/tr\/wp-json\/wp\/v2\/comments?post=1568"}],"version-history":[{"count":1,"href":"https:\/\/www.altfett-lesch.de\/tr\/wp-json\/wp\/v2\/pages\/1568\/revisions"}],"predecessor-version":[{"id":1569,"href":"https:\/\/www.altfett-lesch.de\/tr\/wp-json\/wp\/v2\/pages\/1568\/revisions\/1569"}],"wp:attachment":[{"href":"https:\/\/www.altfett-lesch.de\/tr\/wp-json\/wp\/v2\/media?parent=1568"}],"curies":[{"name":"wp","href":"https:\/\/api.w.org\/{rel}","templated":true}]}}