{"id":1470,"date":"2021-03-01T14:39:26","date_gmt":"2021-03-01T13:39:26","guid":{"rendered":"https:\/\/altfettrecycling.de\/oezel-evlerden-kullanilmis-yemeklik-yag\/"},"modified":"2021-03-01T14:39:27","modified_gmt":"2021-03-01T13:39:27","slug":"oezel-evlerden-kullanilmis-yemeklik-yag","status":"publish","type":"page","link":"https:\/\/www.altfett-lesch.de\/tr\/oezel-evlerden-kullanilmis-yemeklik-yag\/","title":{"rendered":"\u00d6zel evlerden kullan\u0131lm\u0131\u015f yemeklik ya\u011f"},"content":{"rendered":"\n<div class=\"wp-block-cover alignfull\" style=\"min-height:650px;aspect-ratio:unset;\"><video class=\"wp-block-cover__video-background\" autoplay muted loop playsinline src=\"https:\/\/www.altfett-lesch.de\/wp-content\/uploads\/2020\/10\/02_Jeder_Tropfen_Kurz.mp4\"><\/video><div class=\"wp-block-cover__inner-container is-layout-flow wp-block-cover-is-layout-flow\">\n<h4 class=\"wp-block-heading\">koleksiyonu<\/h4>\n\n\n\n<h2 class=\"wp-block-heading\">\u00d6zel evlerden kullan\u0131lm\u0131\u015f yemeklik ya\u011f<\/h2>\n<\/div><\/div>\n\n<div class=\"wp-block-columns is-layout-flex wp-container-core-columns-is-layout-9d6595d7 wp-block-columns-is-layout-flex\">\n<div class=\"wp-block-column is-layout-flow wp-block-column-is-layout-flow\" style=\"flex-basis:66.66%\">\n<h4 class=\"wp-block-heading\">Her damla \u00f6nemlidir: &#13;\n<br\/>Kullan\u0131lm\u0131\u015f k\u0131zartma ya\u011f\u0131n\u0131z\u0131 mobil hale getirip bio-yak\u0131ta d\u00f6n\u00fc\u015ft\u00fcr\u00fcyoruz.<\/h4>\n<\/div>\n\n\n\n<div class=\"wp-block-column is-layout-flow wp-block-column-is-layout-flow\" style=\"flex-basis:33.33%\"><\/div>\n<\/div>\n\n<div class=\"wp-block-columns is-layout-flex wp-container-core-columns-is-layout-9d6595d7 wp-block-columns-is-layout-flex\">\n<div class=\"wp-block-column is-layout-flow wp-block-column-is-layout-flow\">\n<p>S\u00fcrd\u00fcr\u00fclebilirlik, Altfettrecycing Lesch&#8217;in DNA&#8217;s\u0131d\u0131r. Yemek ticaretinden kullan\u0131lm\u0131\u015f yemeklik ya\u011flar\u0131n toplanmas\u0131 ve i\u015flenmesindeki onlarca y\u0131ll\u0131k deneyimle  , bir sonraki ad\u0131m\u0131n zaman\u0131 geldi: Evlerde kullan\u0131lm\u0131\u015f yemeklik ya\u011flar\u0131n toplanmas\u0131.<\/p>\n\n\n\n<p>Kat\u0131l\u0131m\u0131yla  Deutschen Bundesstiftung Umwelt DBU    <a href=\"https:\/\/www.dbu.de\/\"><\/a> ve  Mittelstandsverband abfallbasierte Kraftstoffe MVaK , biz geli\u015ftirdik ve bu daha \u00f6nce bo\u015fa kayna\u011f\u0131n etkin toplanmas\u0131na izin veren bir pilot projenin par\u00e7as\u0131 olarak s\u00fcrekli bir toplama sistemini test etti.<\/p>\n\n\n\n<p>Kullan\u0131m\u0131 kolay toplama sistemi, t\u00fcm vatanda\u015flar\u0131n kulland\u0131\u011f\u0131n\u0131z yemeklik ya\u011flar\u0131 toplamas\u0131n\u0131 ve s\u00fcrd\u00fcr\u00fclebilir yak\u0131ta d\u00f6n\u00fc\u015ft\u00fcrmesini kolayla\u015ft\u0131r\u0131r.<\/p>\n\n\n\n<p>Kas\u0131m 2018&#8217;den bu yana Erlangen, F\u00fcrth ve Roth b\u00f6lgesi vatanda\u015flar\u0131, kulland\u0131klar\u0131 yemeklik ya\u011flar\u0131 toplayarak &#8220;Her damla say\u0131l\u0131r&#8221; toplama makinemize verebiliyor. <\/p>\n\n\n\n<p><a href=\"https:\/\/jedertropfenzaehlt.de\/wie-sammeln\/\">Toplama sistemimizin nas\u0131l \u00e7al\u0131\u015ft\u0131\u011f\u0131n\u0131 buradan \u00f6\u011frenebilirsiniz. &#13;\n<\/a><br\/><a href=\"https:\/\/jedertropfenzaehlt.de\/standorte\/\">Koleksiyon lokasyonlar\u0131m\u0131za<\/a><\/p>\n\n\n\n<p>Sen bizim ev koleksiyonu hakk\u0131nda daha fazla bilgi bulabilirsiniz &#13;\n<br\/><a href=\"https:\/\/jedertropfenzaehlt.de\/\" www.jeder-tropfen-zaehlt.de=\"\"><\/a><\/p>\n\n\n\n<div class=\"wp-block-group highlightjtz\"><div class=\"wp-block-group__inner-container is-layout-flow wp-block-group-is-layout-flow\">\n<p><strong>\u015eehrinizde, kasaban\u0131zda veya il\u00e7enizde bir ev koleksiyonu sunmakla ilgileniyor musunuz?<\/strong>&#13;\n<\/p>\n\n\n\n<p>L\u00fctfen \u0130leti\u015fim <br\/><strong>Hubert Zenk<\/strong><br\/> telefonumuzla ileti\u015fime ge\u00e7in +49 9173 7941 5519<br\/>E-posta: <a href=\"mailto:hubert.zenk@jedertropfenzaehlt.de\">hubert.zenk@jedertropfenzaehlt.de<\/a><\/p>\n<\/div><\/div>\n<\/div>\n\n\n\n<div class=\"wp-block-column is-layout-flow wp-block-column-is-layout-flow\">\n<figure class=\"wp-block-image size-large\"><a href=\"https:\/\/jedertropfenzaehlt.de\/\"><img loading=\"lazy\" decoding=\"async\" width=\"1024\" height=\"600\" src=\"https:\/\/www.altfett-lesch.de\/wp-content\/uploads\/2020\/09\/jtz_web_v02-1024x600.jpg\" alt=\"\" class=\"wp-image-488\" srcset=\"https:\/\/www.altfett-lesch.de\/wp-content\/uploads\/2020\/09\/jtz_web_v02-1024x600.jpg 1024w, https:\/\/www.altfett-lesch.de\/wp-content\/uploads\/2020\/09\/jtz_web_v02-300x176.jpg 300w, https:\/\/www.altfett-lesch.de\/wp-content\/uploads\/2020\/09\/jtz_web_v02-768x450.jpg 768w, https:\/\/www.altfett-lesch.de\/wp-content\/uploads\/2020\/09\/jtz_web_v02-1536x900.jpg 1536w, https:\/\/www.altfett-lesch.de\/wp-content\/uploads\/2020\/09\/jtz_web_v02-1200x703.jpg 1200w, https:\/\/www.altfett-lesch.de\/wp-content\/uploads\/2020\/09\/jtz_web_v02-1400x820.jpg 1400w, https:\/\/www.altfett-lesch.de\/wp-content\/uploads\/2020\/09\/jtz_web_v02.jpg 1702w\" sizes=\"auto, (max-width: 1024px) 100vw, 1024px\" \/><\/a><figcaption>&#8220;Her damla \u00f6nemlidir&#8221; toplama sistemimizle <a href=\"https:\/\/jedertropfenzaehlt.de\/\">\u201eJeder Tropfen z\u00e4hlt\u201c<\/a>, evlerde kullan\u0131lm\u0131\u015f k\u0131zartma ya\u011f\u0131n\u0131 toplamak i\u00e7in eksiksiz bir sistem sunuyoruz.<\/figcaption><\/figure>\n<\/div>\n<\/div>\n\n<div style=\"height:100px\" aria-hidden=\"true\" class=\"wp-block-spacer\"><\/div>\n\n<div class=\"wp-block-group alignfull zertifizierungen\"><div class=\"wp-block-group__inner-container is-layout-flow wp-block-group-is-layout-flow\">\n<div class=\"wp-block-columns is-layout-flex wp-container-core-columns-is-layout-9d6595d7 wp-block-columns-is-layout-flex\">\n<div class=\"wp-block-column is-layout-flow wp-block-column-is-layout-flow\">\n<p>Zertifizierungen:<\/p>\n\n\n\n<div class=\"wp-block-columns is-layout-flex wp-container-core-columns-is-layout-9d6595d7 wp-block-columns-is-layout-flex\">\n<div class=\"wp-block-column is-layout-flow wp-block-column-is-layout-flow\">\n<div style=\"height:20px\" aria-hidden=\"true\" class=\"wp-block-spacer\"><\/div>\n\n\n\n<figure class=\"wp-block-image size-full\"><img loading=\"lazy\" decoding=\"async\" width=\"251\" height=\"46\" src=\"https:\/\/www.altfett-lesch.de\/wp-content\/uploads\/2020\/10\/logo_address.png\" alt=\"\" class=\"wp-image-628\"\/><figcaption><strong>Entsorgungsfachbetrieb<br><\/strong>Anerkannt f\u00fcr: Einsammeln, Bef\u00f6rdern, Lagern, Behandeln, Verwerten<br>ZKRW 00040\/98E<\/figcaption><\/figure>\n<\/div>\n\n\n\n<div class=\"wp-block-column is-layout-flow wp-block-column-is-layout-flow\">\n<div class=\"wp-block-image\"><figure class=\"alignleft size-large\"><img loading=\"lazy\" decoding=\"async\" width=\"350\" height=\"210\" src=\"https:\/\/www.altfett-lesch.de\/wp-content\/uploads\/2020\/10\/redcert-logo.jpg\" alt=\"\" class=\"wp-image-676\" srcset=\"https:\/\/www.altfett-lesch.de\/wp-content\/uploads\/2020\/10\/redcert-logo.jpg 350w, https:\/\/www.altfett-lesch.de\/wp-content\/uploads\/2020\/10\/redcert-logo-300x180.jpg 300w\" sizes=\"auto, (max-width: 350px) 100vw, 350px\" \/><\/figure><\/div>\n<\/div>\n<\/div>\n<\/div>\n\n\n\n<div class=\"wp-block-column is-layout-flow wp-block-column-is-layout-flow\">\n<p>Mitgliedschaften:<\/p>\n\n\n\n<div class=\"wp-block-columns is-layout-flex wp-container-core-columns-is-layout-9d6595d7 wp-block-columns-is-layout-flex\">\n<div class=\"wp-block-column is-layout-flow wp-block-column-is-layout-flow\">\n<figure class=\"wp-block-image size-large is-resized\"><a href=\"https:\/\/www.mvak.eu\"><img decoding=\"async\" src=\"https:\/\/www.altfett-lesch.de\/wp-content\/uploads\/2020\/10\/MVaK-Logo_CMYK_20200909-1-3.svg\" alt=\"\" class=\"wp-image-635\" width=\"200\"\/><\/a><\/figure>\n\n\n\n<div class=\"wp-block-image\"><figure class=\"alignleft size-large\"><a href=\"https:\/\/www.vbs-ev.bayern\/home\"><img loading=\"lazy\" decoding=\"async\" width=\"205\" height=\"140\" src=\"https:\/\/www.altfett-lesch.de\/wp-content\/uploads\/2020\/10\/vbs_logo-1.png\" alt=\"\" class=\"wp-image-722\"\/><\/a><\/figure><\/div>\n<\/div>\n\n\n\n<div class=\"wp-block-column is-layout-flow wp-block-column-is-layout-flow\">\n<figure class=\"wp-block-image size-large\"><a href=\"https:\/\/www.altfett-lesch.de\/wp-content\/uploads\/2021\/04\/Urkunde-Umweltpakt-Bayern.pdf\" target=\"_blank\" rel=\"noopener\"><img loading=\"lazy\" decoding=\"async\" width=\"163\" height=\"175\" src=\"https:\/\/www.altfett-lesch.de\/wp-content\/uploads\/2020\/10\/umweltpakt_logo-1.png\" alt=\"\" class=\"wp-image-720\"\/><\/a><\/figure>\n<\/div>\n<\/div>\n<\/div>\n<\/div>\n<\/div><\/div>\n","protected":false},"excerpt":{"rendered":"<p>Her damla \u00f6nemlidir: &#13; Kullan\u0131lm\u0131\u015f k\u0131zartma ya\u011f\u0131n\u0131z\u0131 mobil hale getirip bio-yak\u0131ta d\u00f6n\u00fc\u015ft\u00fcr\u00fcyoruz. S\u00fcrd\u00fcr\u00fclebilirlik, Altfettrecycing Lesch&#8217;in DNA&#8217;s\u0131d\u0131r. Yemek ticaretinden kullan\u0131lm\u0131\u015f yemeklik ya\u011flar\u0131n toplanmas\u0131 ve i\u015flenmesindeki onlarca y\u0131ll\u0131k deneyimle , bir sonraki ad\u0131m\u0131n zaman\u0131 geldi: Evlerde kullan\u0131lm\u0131\u015f yemeklik ya\u011flar\u0131n toplanmas\u0131. Kat\u0131l\u0131m\u0131yla Deutschen Bundesstiftung Umwelt DBU ve Mittelstandsverband abfallbasierte Kraftstoffe MVaK , biz geli\u015ftirdik ve bu daha \u00f6nce &hellip;<\/p>\n","protected":false},"author":1,"featured_media":0,"parent":0,"menu_order":0,"comment_status":"closed","ping_status":"closed","template":"","meta":{"inline_featured_image":false,"advgb_blocks_editor_width":"","advgb_blocks_columns_visual_guide":"","footnotes":""},"class_list":["post-1470","page","type-page","status-publish","hentry","post","without-featured-image"],"featured_image_src":null,"featured_image_src_square":null,"coauthors":[],"author_meta":{"author_link":"https:\/\/www.altfett-lesch.de\/tr\/author\/altfettleschadmin\/","display_name":"Altfett Lesch"},"relative_dates":{"created":"Posted 5 y\u0131l ago","modified":"Updated 5 y\u0131l ago"},"absolute_dates":{"created":"Posted on 1 Mart 2021","modified":"Updated on 1 Mart 2021"},"absolute_dates_time":{"created":"Posted on 1 Mart 2021 14:39","modified":"Updated on 1 Mart 2021 14:39"},"featured_img_caption":"","featured_img":false,"series_order":"","_links":{"self":[{"href":"https:\/\/www.altfett-lesch.de\/tr\/wp-json\/wp\/v2\/pages\/1470","targetHints":{"allow":["GET"]}}],"collection":[{"href":"https:\/\/www.altfett-lesch.de\/tr\/wp-json\/wp\/v2\/pages"}],"about":[{"href":"https:\/\/www.altfett-lesch.de\/tr\/wp-json\/wp\/v2\/types\/page"}],"author":[{"embeddable":true,"href":"https:\/\/www.altfett-lesch.de\/tr\/wp-json\/wp\/v2\/users\/1"}],"replies":[{"embeddable":true,"href":"https:\/\/www.altfett-lesch.de\/tr\/wp-json\/wp\/v2\/comments?post=1470"}],"version-history":[{"count":1,"href":"https:\/\/www.altfett-lesch.de\/tr\/wp-json\/wp\/v2\/pages\/1470\/revisions"}],"predecessor-version":[{"id":1471,"href":"https:\/\/www.altfett-lesch.de\/tr\/wp-json\/wp\/v2\/pages\/1470\/revisions\/1471"}],"wp:attachment":[{"href":"https:\/\/www.altfett-lesch.de\/tr\/wp-json\/wp\/v2\/media?parent=1470"}],"curies":[{"name":"wp","href":"https:\/\/api.w.org\/{rel}","templated":true}]}}