{"id":1450,"date":"2021-03-01T12:17:55","date_gmt":"2021-03-01T11:17:55","guid":{"rendered":"https:\/\/altfettrecycling.de\/kullanilmis-gres-geri-doenuesuemue\/"},"modified":"2024-09-19T07:39:31","modified_gmt":"2024-09-19T05:39:31","slug":"kullanilmis-gres-geri-doenuesuemue","status":"publish","type":"page","link":"https:\/\/www.altfett-lesch.de\/tr\/kullanilmis-gres-geri-doenuesuemue\/","title":{"rendered":"Kullan\u0131lm\u0131\u015f gres geri d\u00f6n\u00fc\u015f\u00fcm\u00fc"},"content":{"rendered":"\n<div class=\"wp-block-cover alignfull is-light\" style=\"min-height:650px;aspect-ratio:unset;\"><span aria-hidden=\"true\" class=\"wp-block-cover__background has-black-background-color has-background-dim-0 has-background-dim\"><\/span><video class=\"wp-block-cover__video-background intrinsic-ignore\" autoplay muted loop playsinline src=\"https:\/\/www.altfett-lesch.de\/wp-content\/uploads\/2020\/10\/03_Aufbereitung_2020_10_07_1.mp4\" data-object-fit=\"cover\"><\/video><div class=\"wp-block-cover__inner-container is-layout-flow wp-block-cover-is-layout-flow\">\n<h4 class=\"wp-block-heading has-white-color has-text-color\">Kullan\u0131lm\u0131\u015f gres geri d\u00f6n\u00fc\u015f\u00fcm\u00fc <\/h4>\n\n\n\n<h2 class=\"wp-block-heading has-white-color has-text-color\">At\u0131k  de\u011ferli hale gelir<\/h2>\n<\/div><\/div>\n\n<div style=\"height:40px\" aria-hidden=\"true\" class=\"wp-block-spacer\"><\/div>\n\n<div class=\"wp-block-columns is-layout-flex wp-container-core-columns-is-layout-9d6595d7 wp-block-columns-is-layout-flex\">\n<div class=\"wp-block-column is-layout-flow wp-block-column-is-layout-flow\" style=\"flex-basis:66.66%\">\n<h4 class=\"wp-block-heading\">1992&#8217;den beri yemeklik kat\u0131 ve s\u0131v\u0131 ya\u011flar i\u00e7in kendi geri d\u00f6n\u00fc\u015f\u00fcm tesisimizi i\u015fletiyoruz.<\/h4>\n\n\n\n<h4 class=\"wp-block-heading\">Sistemimizde, teslim edilen ya\u011f kaplar\u0131n\u0131n ve kutular\u0131n\u0131n i\u00e7erikleri eritilir, \u0131s\u0131t\u0131l\u0131r ve 3 a\u015famal\u0131 bir dekant\u00f6rde ayr\u0131l\u0131r: yemeklik ya\u011f, kat\u0131 ve su olarak.<\/h4>\n\n\n\n<h4 class=\"wp-block-heading\">Bu i\u015flem tamamen mekanik olarak ve kimyasal eklenmeden \u00e7al\u0131\u015f\u0131r. Bu, sistemimizin son teknoloji ve Almanya&#8217;da benzersiz oldu\u011fu anlam\u0131na gelir.<\/h4>\n<\/div>\n\n\n\n<div class=\"wp-block-column is-layout-flow wp-block-column-is-layout-flow\" style=\"flex-basis:33.33%\"><\/div>\n<\/div>\n\n<div style=\"height:100px\" aria-hidden=\"true\" class=\"wp-block-spacer\"><\/div>\n\n<div class=\"wp-block-columns is-layout-flex wp-container-core-columns-is-layout-9d6595d7 wp-block-columns-is-layout-flex\">\n<div class=\"wp-block-column is-vertically-aligned-center is-layout-flow wp-block-column-is-layout-flow\">\n<h2 class=\"wp-block-heading\">Temel: restoranlardan ve evlerden kullan\u0131lm\u0131\u015f yemeklik ya\u011f<\/h2>\n\n\n\n<p>En \u00f6nemli hammaddelerimiz,  yemeklik s\u0131v\u0131 ve kat\u0131 ya\u011flard\u0131r. <a href=\"https:\/\/www.altfett-lesch.de\/tr\/gastronomiden-kullanilmis-yemeklik-yag\/\" data-type=\"page\" data-id=\"405\">catering ticaretinde toplad\u0131\u011f\u0131m\u0131z<\/a>.<\/p>\n\n\n\n<p>Mit unserem <a href=\"https:\/\/www.altfett-lesch.de\/tr\/oezel-evlerden-kullanilmis-yemeklik-yag\/\" data-type=\"page\" data-id=\"413\"> pilot proje \u201cHer damla sayar\u201d <\/a>Bizim ile biz bir ad\u0131m daha ileri ve toplamak evlerdeki yemeklik ya\u011f kullan\u0131ld\u0131\u011f\u0131 gibi iyi gider.<\/p>\n<\/div>\n\n\n\n<div class=\"wp-block-column is-vertically-aligned-center is-layout-flow wp-block-column-is-layout-flow\">\n<figure class=\"wp-block-image size-large\"><img loading=\"lazy\" decoding=\"async\" width=\"1024\" height=\"765\" src=\"https:\/\/www.altfett-lesch.de\/wp-content\/uploads\/2020\/09\/image.jpeg\" alt=\"\" class=\"wp-image-435\" srcset=\"https:\/\/www.altfett-lesch.de\/wp-content\/uploads\/2020\/09\/image.jpeg 1024w, https:\/\/www.altfett-lesch.de\/wp-content\/uploads\/2020\/09\/image-300x224.jpeg 300w, https:\/\/www.altfett-lesch.de\/wp-content\/uploads\/2020\/09\/image-768x574.jpeg 768w\" sizes=\"auto, (max-width: 1024px) 100vw, 1024px\" \/><figcaption class=\"wp-element-caption\">Yemek end\u00fcstrisinde kullan\u0131lm\u0131\u015f k\u0131zartma ya\u011f\u0131n\u0131n toplanmas\u0131<\/figcaption><\/figure>\n<\/div>\n<\/div>\n\n<div style=\"height:100px\" aria-hidden=\"true\" class=\"wp-block-spacer\"><\/div>\n\n<div class=\"wp-block-columns is-layout-flex wp-container-core-columns-is-layout-9d6595d7 wp-block-columns-is-layout-flex\">\n<div class=\"wp-block-column is-vertically-aligned-center is-layout-flow wp-block-column-is-layout-flow\">\n<figure class=\"wp-block-image size-large\"><img loading=\"lazy\" decoding=\"async\" width=\"1024\" height=\"952\" src=\"https:\/\/www.altfett-lesch.de\/wp-content\/uploads\/2020\/09\/1_2_Lesch-1024x952-1.jpg\" alt=\"\" class=\"wp-image-443\" srcset=\"https:\/\/www.altfett-lesch.de\/wp-content\/uploads\/2020\/09\/1_2_Lesch-1024x952-1.jpg 1024w, https:\/\/www.altfett-lesch.de\/wp-content\/uploads\/2020\/09\/1_2_Lesch-1024x952-1-300x279.jpg 300w, https:\/\/www.altfett-lesch.de\/wp-content\/uploads\/2020\/09\/1_2_Lesch-1024x952-1-768x714.jpg 768w\" sizes=\"auto, (max-width: 1024px) 100vw, 1024px\" \/><figcaption class=\"wp-element-caption\">Yemek ticaretinde kullan\u0131lm\u0131\u015f yemeklik ya\u011f\u0131n hijyenik ve temiz bir \u015fekilde toplanmas\u0131 i\u00e7in ya\u011f kutular\u0131<\/figcaption><\/figure>\n<\/div>\n\n\n\n<div class=\"wp-block-column is-vertically-aligned-center is-layout-flow wp-block-column-is-layout-flow\">\n<h2 class=\"wp-block-heading\">At\u0131k gres kaplar\u0131 ve gres kutular\u0131<\/h2>\n\n\n\n<p>Kullan\u0131lm\u0131\u015f gres kaplar\u0131m\u0131z ve gres kutular\u0131m\u0131zla, kullan\u0131lm\u0131\u015f gres bertaraf\u0131n\u0131z i\u00e7in size temiz ve pratik bir \u00e7\u00f6z\u00fcm sunuyoruz.<\/p>\n\n\n\n<p>Gastronomi kaplar\u0131m\u0131z, ihtiya\u00e7lar\u0131n\u0131za ve kullan\u0131lm\u0131\u015f yemeklik ya\u011f miktar\u0131na g\u00f6re 30 ila 1.000 litre aras\u0131nda de\u011fi\u015fen boyutlarda mevcuttur.<\/p>\n\n\n\n<p>Kap &#8211; ya\u011f kutusu &#8211; taraf\u0131m\u0131zdan temin edilir, d\u00fczenli aral\u0131klarla veya gerekti\u011finde temizlenmi\u015f kaplarla de\u011fi\u015ftirilir, bo\u015falt\u0131l\u0131r ve tekrar temizlenir.<\/p>\n<\/div>\n<\/div>\n\n<div style=\"height:100px\" aria-hidden=\"true\" class=\"wp-block-spacer\"><\/div>\n\n<div class=\"wp-block-columns is-layout-flex wp-container-core-columns-is-layout-9d6595d7 wp-block-columns-is-layout-flex\">\n<div class=\"wp-block-column is-layout-flow wp-block-column-is-layout-flow\">\n<h2 class=\"wp-block-heading\">Toplamak<\/h2>\n\n\n\n<p>Ara\u00e7 filomuzla yakla\u015f\u0131k 25.000 m\u00fc\u015fteriyi optimize edilmi\u015f rotalarda s\u00fcr\u00fcyoruz.<\/p>\n\n\n\n<p>Toplu kaplar\u0131 m\u00fc\u015fterinin yerinde de\u011fi\u015ftirip, kullan\u0131lm\u0131\u015f ya\u011f\u0131n daha fazla i\u015flenmesi ve kaplar\u0131n temizlenmesi i\u00e7in \u015firkete getiriyoruz.&#13;\n<\/p>\n\n\n\n<p>Ola\u011fand\u0131\u015f\u0131 a\u00e7\u0131l\u0131\u015f saatleri ve bireysel bir ba\u015flatma ritmi bile bizim i\u00e7in sorun de\u011fil.<\/p>\n\n\n\n<p>T\u00fcm kamyonlar\u0131m\u0131z optimum kullan\u0131m, \u00e7evre dostu rota planlamas\u0131 ve tamamen dijital dok\u00fcmantasyon i\u00e7in en son teknolojiyle donat\u0131lm\u0131\u015ft\u0131r. <\/p>\n<\/div>\n\n\n\n<div class=\"wp-block-column is-layout-flow wp-block-column-is-layout-flow\">\n<figure class=\"wp-block-image size-large\"><img loading=\"lazy\" decoding=\"async\" width=\"1024\" height=\"576\" src=\"https:\/\/www.altfett-lesch.de\/wp-content\/uploads\/2020\/09\/DSCF2246-bearbeitet-wolken-1024x576.jpg\" alt=\"\" class=\"wp-image-444\" srcset=\"https:\/\/www.altfett-lesch.de\/wp-content\/uploads\/2020\/09\/DSCF2246-bearbeitet-wolken-1024x576.jpg 1024w, https:\/\/www.altfett-lesch.de\/wp-content\/uploads\/2020\/09\/DSCF2246-bearbeitet-wolken-300x169.jpg 300w, https:\/\/www.altfett-lesch.de\/wp-content\/uploads\/2020\/09\/DSCF2246-bearbeitet-wolken-768x432.jpg 768w, https:\/\/www.altfett-lesch.de\/wp-content\/uploads\/2020\/09\/DSCF2246-bearbeitet-wolken.jpg 1200w\" sizes=\"auto, (max-width: 1024px) 100vw, 1024px\" \/><figcaption class=\"wp-element-caption\">35 kamyonluk filomuz optimum kullan\u0131m, \u00e7evre dostu rota planlamas\u0131 ve tamamen dijital dok\u00fcmantasyon i\u00e7in en son teknoloji ile donat\u0131lm\u0131\u015ft\u0131r. <\/figcaption><\/figure>\n<\/div>\n<\/div>\n\n<div style=\"height:100px\" aria-hidden=\"true\" class=\"wp-block-spacer\"><\/div>\n\n<div class=\"wp-block-columns is-layout-flex wp-container-core-columns-is-layout-9d6595d7 wp-block-columns-is-layout-flex\">\n<div class=\"wp-block-column is-layout-flow wp-block-column-is-layout-flow\">\n<figure class=\"wp-block-image size-large\"><img loading=\"lazy\" decoding=\"async\" width=\"1011\" height=\"1011\" src=\"https:\/\/www.altfett-lesch.de\/wp-content\/uploads\/2020\/09\/image-1.jpeg\" alt=\"\" class=\"wp-image-445\" srcset=\"https:\/\/www.altfett-lesch.de\/wp-content\/uploads\/2020\/09\/image-1.jpeg 1011w, https:\/\/www.altfett-lesch.de\/wp-content\/uploads\/2020\/09\/image-1-300x300.jpeg 300w, https:\/\/www.altfett-lesch.de\/wp-content\/uploads\/2020\/09\/image-1-150x150.jpeg 150w, https:\/\/www.altfett-lesch.de\/wp-content\/uploads\/2020\/09\/image-1-768x768.jpeg 768w, https:\/\/www.altfett-lesch.de\/wp-content\/uploads\/2020\/09\/image-1-600x600.jpeg 600w\" sizes=\"auto, (max-width: 1011px) 100vw, 1011px\" \/><figcaption class=\"wp-element-caption\">\u00dc\u00e7 fazl\u0131 dekant\u00f6rde kullan\u0131lan s\u0131v\u0131 ya\u011f santrif\u00fcj ile bile\u015fenlerine ayr\u0131l\u0131r.<\/figcaption><\/figure>\n<\/div>\n\n\n\n<div class=\"wp-block-column is-layout-flow wp-block-column-is-layout-flow\">\n<h2 class=\"wp-block-heading\">geri d\u00f6n\u00fc\u015f\u00fcm<\/h2>\n\n\n\n<p>Firmam\u0131zda teslimattan sonra \u00f6zel tasarlanm\u0131\u015f bir kald\u0131rma ve devirme cihaz\u0131 ile dolu ya\u011f kutular\u0131 bo\u015falt\u0131l\u0131r ve tam otomatik olarak temizlenir.<\/p>\n\n\n\n<p>\u00dc\u00e7 fazl\u0131 dekant\u00f6rde, kullan\u0131lan s\u0131v\u0131 ya\u011f bir santrif\u00fcjle bile\u015fenlerine ayr\u0131l\u0131r: ya\u011f, su ve kat\u0131lar (ekmek k\u0131r\u0131nt\u0131lar\u0131, art\u0131k patates k\u0131zartmas\u0131 vb.). Bu genel s\u00fcre\u00e7, herhangi bir kimyasal eklenmeden tamamen mekanik olarak \u00e7al\u0131\u015f\u0131r.<\/p>\n\n\n\n<p>Temizlenmi\u015f kullan\u0131lm\u0131\u015f ya\u011f, yak\u0131t end\u00fcstrisinde daha fazla i\u015flenir ve CO\u00b2&#8217;si azalt\u0131lm\u0131\u015f biyoyak\u0131t \u00fcretmek i\u00e7in kullan\u0131l\u0131r.<\/p>\n\n\n\n<p><\/p>\n<\/div>\n<\/div>\n\n<div style=\"height:100px\" aria-hidden=\"true\" class=\"wp-block-spacer\"><\/div>\n\n<div class=\"wp-block-columns is-layout-flex wp-container-core-columns-is-layout-9d6595d7 wp-block-columns-is-layout-flex\">\n<div class=\"wp-block-column is-layout-flow wp-block-column-is-layout-flow\">\n<h2 class=\"wp-block-heading\">Kaplar\u0131 ve gres kutular\u0131n\u0131 temizleme<\/h2>\n\n\n\n<p>Ya\u011f kutular\u0131 sizden topland\u0131ktan sonra Thalm\u00e4ssing&#8217;deki geri d\u00f6n\u00fc\u015f\u00fcm tesisimize nakledilir ve orada bo\u015falt\u0131l\u0131r.<\/p>\n\n\n\n<p>Modern y\u0131kama tesisimizde, kullan\u0131lm\u0131\u015f gres kaplar\u0131 &#8211; gres kutular\u0131 &#8211; bir sonraki kullan\u0131m yerine gitmeden \u00f6nce profesyonelce ve \u00e7evreye zarar vermeyecek \u015fekilde temizlenir.<\/p>\n\n\n\n<p><\/p>\n<\/div>\n\n\n\n<div class=\"wp-block-column is-layout-flow wp-block-column-is-layout-flow\">\n<figure class=\"wp-block-image size-large\"><img loading=\"lazy\" decoding=\"async\" width=\"1024\" height=\"857\" src=\"https:\/\/www.altfett-lesch.de\/wp-content\/uploads\/2020\/09\/MG_5173-Bearbeitet_cmyk_xl-1024x857.jpg\" alt=\"Catering ticaretinden gelen gres kutular&#x131;n&#x131;n tam otomatik temizli&#x11F;i.\" class=\"wp-image-451\" srcset=\"https:\/\/www.altfett-lesch.de\/wp-content\/uploads\/2020\/09\/MG_5173-Bearbeitet_cmyk_xl-1024x857.jpg 1024w, https:\/\/www.altfett-lesch.de\/wp-content\/uploads\/2020\/09\/MG_5173-Bearbeitet_cmyk_xl-300x251.jpg 300w, https:\/\/www.altfett-lesch.de\/wp-content\/uploads\/2020\/09\/MG_5173-Bearbeitet_cmyk_xl-768x643.jpg 768w, https:\/\/www.altfett-lesch.de\/wp-content\/uploads\/2020\/09\/MG_5173-Bearbeitet_cmyk_xl.jpg 1200w\" sizes=\"auto, (max-width: 1024px) 100vw, 1024px\" \/><figcaption class=\"wp-element-caption\">Catering ticaretinden gelen gres kutular\u0131n\u0131n tam otomatik temizli\u011fi.<\/figcaption><\/figure>\n<\/div>\n<\/div>\n\n<div style=\"height:100px\" aria-hidden=\"true\" class=\"wp-block-spacer\"><\/div>\n\n<div class=\"wp-block-group alignfull zertifizierungen\"><div class=\"wp-block-group__inner-container is-layout-flow wp-block-group-is-layout-flow\">\n<div class=\"wp-block-columns is-layout-flex wp-container-core-columns-is-layout-9d6595d7 wp-block-columns-is-layout-flex\">\n<div class=\"wp-block-column is-layout-flow wp-block-column-is-layout-flow\">\n<p>Zertifizierungen:<\/p>\n\n\n\n<div class=\"wp-block-columns is-layout-flex wp-container-core-columns-is-layout-9d6595d7 wp-block-columns-is-layout-flex\">\n<div class=\"wp-block-column is-layout-flow wp-block-column-is-layout-flow\">\n<div style=\"height:20px\" aria-hidden=\"true\" class=\"wp-block-spacer\"><\/div>\n\n\n\n<figure class=\"wp-block-image size-full\"><img loading=\"lazy\" decoding=\"async\" width=\"251\" height=\"46\" src=\"https:\/\/www.altfett-lesch.de\/wp-content\/uploads\/2020\/10\/logo_address.png\" alt=\"\" class=\"wp-image-628\"\/><figcaption><strong>Entsorgungsfachbetrieb<br><\/strong>Anerkannt f\u00fcr: Einsammeln, Bef\u00f6rdern, Lagern, Behandeln, Verwerten<br>ZKRW 00040\/98E<\/figcaption><\/figure>\n<\/div>\n\n\n\n<div class=\"wp-block-column is-layout-flow wp-block-column-is-layout-flow\">\n<div class=\"wp-block-image\"><figure class=\"alignleft size-large\"><img loading=\"lazy\" decoding=\"async\" width=\"350\" height=\"210\" src=\"https:\/\/www.altfett-lesch.de\/wp-content\/uploads\/2020\/10\/redcert-logo.jpg\" alt=\"\" class=\"wp-image-676\" srcset=\"https:\/\/www.altfett-lesch.de\/wp-content\/uploads\/2020\/10\/redcert-logo.jpg 350w, https:\/\/www.altfett-lesch.de\/wp-content\/uploads\/2020\/10\/redcert-logo-300x180.jpg 300w\" sizes=\"auto, (max-width: 350px) 100vw, 350px\" \/><\/figure><\/div>\n<\/div>\n<\/div>\n<\/div>\n\n\n\n<div class=\"wp-block-column is-layout-flow wp-block-column-is-layout-flow\">\n<p>Mitgliedschaften:<\/p>\n\n\n\n<div class=\"wp-block-columns is-layout-flex wp-container-core-columns-is-layout-9d6595d7 wp-block-columns-is-layout-flex\">\n<div class=\"wp-block-column is-layout-flow wp-block-column-is-layout-flow\">\n<figure class=\"wp-block-image size-large is-resized\"><a href=\"https:\/\/www.mvak.eu\"><img decoding=\"async\" src=\"https:\/\/www.altfett-lesch.de\/wp-content\/uploads\/2020\/10\/MVaK-Logo_CMYK_20200909-1-3.svg\" alt=\"\" class=\"wp-image-635\" width=\"200\"\/><\/a><\/figure>\n\n\n\n<div class=\"wp-block-image\"><figure class=\"alignleft size-large\"><a href=\"https:\/\/www.vbs-ev.bayern\/home\"><img loading=\"lazy\" decoding=\"async\" width=\"205\" height=\"140\" src=\"https:\/\/www.altfett-lesch.de\/wp-content\/uploads\/2020\/10\/vbs_logo-1.png\" alt=\"\" class=\"wp-image-722\"\/><\/a><\/figure><\/div>\n<\/div>\n\n\n\n<div class=\"wp-block-column is-layout-flow wp-block-column-is-layout-flow\">\n<figure class=\"wp-block-image size-large\"><a href=\"https:\/\/www.altfett-lesch.de\/wp-content\/uploads\/2021\/04\/Urkunde-Umweltpakt-Bayern.pdf\" target=\"_blank\" rel=\"noopener\"><img loading=\"lazy\" decoding=\"async\" width=\"163\" height=\"175\" src=\"https:\/\/www.altfett-lesch.de\/wp-content\/uploads\/2020\/10\/umweltpakt_logo-1.png\" alt=\"\" class=\"wp-image-720\"\/><\/a><\/figure>\n<\/div>\n<\/div>\n<\/div>\n<\/div>\n<\/div><\/div>\n","protected":false},"excerpt":{"rendered":"<p>1992&#8217;den beri yemeklik kat\u0131 ve s\u0131v\u0131 ya\u011flar i\u00e7in kendi geri d\u00f6n\u00fc\u015f\u00fcm tesisimizi i\u015fletiyoruz. Sistemimizde, teslim edilen ya\u011f kaplar\u0131n\u0131n ve kutular\u0131n\u0131n i\u00e7erikleri eritilir, \u0131s\u0131t\u0131l\u0131r ve 3 a\u015famal\u0131 bir dekant\u00f6rde ayr\u0131l\u0131r: yemeklik ya\u011f, kat\u0131 ve su olarak. Bu i\u015flem tamamen mekanik olarak ve kimyasal eklenmeden \u00e7al\u0131\u015f\u0131r. Bu, sistemimizin son teknoloji ve Almanya&#8217;da benzersiz oldu\u011fu anlam\u0131na gelir. Temel: &hellip;<\/p>\n","protected":false},"author":1,"featured_media":0,"parent":0,"menu_order":0,"comment_status":"closed","ping_status":"closed","template":"","meta":{"inline_featured_image":false,"advgb_blocks_editor_width":"","advgb_blocks_columns_visual_guide":"","footnotes":""},"class_list":["post-1450","page","type-page","status-publish","hentry","post","without-featured-image"],"featured_image_src":null,"featured_image_src_square":null,"coauthors":[],"author_meta":{"author_link":"https:\/\/www.altfett-lesch.de\/tr\/author\/altfettleschadmin\/","display_name":"Altfett Lesch"},"relative_dates":{"created":"Posted 5 y\u0131l ago","modified":"Updated 2 y\u0131l ago"},"absolute_dates":{"created":"Posted on 1 Mart 2021","modified":"Updated on 19 Eyl\u00fcl 2024"},"absolute_dates_time":{"created":"Posted on 1 Mart 2021 12:17","modified":"Updated on 19 Eyl\u00fcl 2024 07:39"},"featured_img_caption":"","featured_img":false,"series_order":"","_links":{"self":[{"href":"https:\/\/www.altfett-lesch.de\/tr\/wp-json\/wp\/v2\/pages\/1450","targetHints":{"allow":["GET"]}}],"collection":[{"href":"https:\/\/www.altfett-lesch.de\/tr\/wp-json\/wp\/v2\/pages"}],"about":[{"href":"https:\/\/www.altfett-lesch.de\/tr\/wp-json\/wp\/v2\/types\/page"}],"author":[{"embeddable":true,"href":"https:\/\/www.altfett-lesch.de\/tr\/wp-json\/wp\/v2\/users\/1"}],"replies":[{"embeddable":true,"href":"https:\/\/www.altfett-lesch.de\/tr\/wp-json\/wp\/v2\/comments?post=1450"}],"version-history":[{"count":3,"href":"https:\/\/www.altfett-lesch.de\/tr\/wp-json\/wp\/v2\/pages\/1450\/revisions"}],"predecessor-version":[{"id":5666,"href":"https:\/\/www.altfett-lesch.de\/tr\/wp-json\/wp\/v2\/pages\/1450\/revisions\/5666"}],"wp:attachment":[{"href":"https:\/\/www.altfett-lesch.de\/tr\/wp-json\/wp\/v2\/media?parent=1450"}],"curies":[{"name":"wp","href":"https:\/\/api.w.org\/{rel}","templated":true}]}}