{"id":1378,"date":"2021-03-01T11:35:27","date_gmt":"2021-03-01T10:35:27","guid":{"rendered":"https:\/\/altfettrecycling.de\/contact\/directions\/"},"modified":"2021-03-01T11:35:28","modified_gmt":"2021-03-01T10:35:28","slug":"directions","status":"publish","type":"page","link":"https:\/\/www.altfett-lesch.de\/en\/contact\/directions\/","title":{"rendered":"Directions"},"content":{"rendered":"\n<div style=\"height:40px\" aria-hidden=\"true\" class=\"wp-block-spacer\"><\/div>\n\n<h1 class=\"wp-block-heading\"> Directions: How to find us<\/h1>\n\n<p><strong>Coming&#13;\nNuremberg \/ W\u00fcrzburg \/ Regensburg<\/strong><\/p>\n\n<p>Leave the A9 motorway at the Allersberg \/ Hilpoltstein Nord exit.<\/p>\n\n<p>At the roundabout, take the second exit towards Hilpoltstein \/ Rothsee. Drive past Rothsee and through Hilpoltstein always in the direction of Thalm\u00e4ssing. In Unterr\u00f6del turn left towards Thalm\u00e4ssing. You drive through Oberr\u00f6del, Tiefenbach and Alfershausen. Coming from Alfershausen, our company premises are in the industrial area on the right in front of the town.&#13;\n<\/p>\n\n<p><strong>Coming from &#13;\nMunich<\/strong><\/p>\n\n<p>Take the A9 motorway in the direction of Nuremberg. Leave the A9 motorway at the Greding exit. Turn left towards the city center. At the traffic lights turn left towards Thalm\u00e4ssing. &#13;\n<\/p>\n\n<p>In Thalm\u00e4ssing you drive past the market square and to the company &#8220;Dorner&#8221;. Here you turn right into N\u00fcrnberger Stra\u00dfe. Follow the road up to 500 meters after the place-name sign. Here you turn left into the industrial park. Our company premises are the first driveway on the left.&#13;\n<\/p>\n\n<p><a href=\"https:\/\/maps.google.de\/maps?hl=de&amp;f=d&amp;iwstate1=dir:to&amp;daddr=&#xC4;u&#xDF;ere+N&#xFC;rnberger+Stra&#xDF;e+1,+91177+Thalm&#xE4;ssing\" target=\"_blank\" rel=\"noreferrer noopener\">To the Google Maps route planner<\/a><\/p>\n\n<div style=\"height:40px\" aria-hidden=\"true\" class=\"wp-block-spacer\"><\/div>\n\n<p><\/p>\n","protected":false},"excerpt":{"rendered":"<p>Directions: How to find us Coming&#13; Nuremberg \/ W\u00fcrzburg \/ Regensburg Leave the A9 motorway at the Allersberg \/ Hilpoltstein Nord exit. At the roundabout, take the second exit towards Hilpoltstein \/ Rothsee. Drive past Rothsee and through Hilpoltstein always in the direction of Thalm\u00e4ssing. In Unterr\u00f6del turn left towards Thalm\u00e4ssing. You drive through Oberr\u00f6del, &hellip;<\/p>\n","protected":false},"author":1,"featured_media":0,"parent":1300,"menu_order":0,"comment_status":"closed","ping_status":"closed","template":"","meta":{"inline_featured_image":false,"advgb_blocks_editor_width":"","advgb_blocks_columns_visual_guide":"","footnotes":""},"class_list":["post-1378","page","type-page","status-publish","hentry","post","without-featured-image"],"featured_image_src":null,"featured_image_src_square":null,"coauthors":[],"author_meta":{"author_link":"https:\/\/www.altfett-lesch.de\/en\/author\/altfettleschadmin\/","display_name":"Altfett Lesch"},"relative_dates":{"created":"Posted 5 years ago","modified":"Updated 5 years ago"},"absolute_dates":{"created":"Posted on 1. March 2021","modified":"Updated on 1. March 2021"},"absolute_dates_time":{"created":"Posted on 1. March 2021 11:35","modified":"Updated on 1. March 2021 11:35"},"featured_img_caption":"","featured_img":false,"series_order":"","_links":{"self":[{"href":"https:\/\/www.altfett-lesch.de\/en\/wp-json\/wp\/v2\/pages\/1378","targetHints":{"allow":["GET"]}}],"collection":[{"href":"https:\/\/www.altfett-lesch.de\/en\/wp-json\/wp\/v2\/pages"}],"about":[{"href":"https:\/\/www.altfett-lesch.de\/en\/wp-json\/wp\/v2\/types\/page"}],"author":[{"embeddable":true,"href":"https:\/\/www.altfett-lesch.de\/en\/wp-json\/wp\/v2\/users\/1"}],"replies":[{"embeddable":true,"href":"https:\/\/www.altfett-lesch.de\/en\/wp-json\/wp\/v2\/comments?post=1378"}],"version-history":[{"count":1,"href":"https:\/\/www.altfett-lesch.de\/en\/wp-json\/wp\/v2\/pages\/1378\/revisions"}],"predecessor-version":[{"id":1379,"href":"https:\/\/www.altfett-lesch.de\/en\/wp-json\/wp\/v2\/pages\/1378\/revisions\/1379"}],"up":[{"embeddable":true,"href":"https:\/\/www.altfett-lesch.de\/en\/wp-json\/wp\/v2\/pages\/1300"}],"wp:attachment":[{"href":"https:\/\/www.altfett-lesch.de\/en\/wp-json\/wp\/v2\/media?parent=1378"}],"curies":[{"name":"wp","href":"https:\/\/api.w.org\/{rel}","templated":true}]}}